{"id":7750,"date":"2023-11-29T16:15:18","date_gmt":"2023-11-29T21:15:18","guid":{"rendered":"https:\/\/www.bestbuydistributors.ca\/produits-2\/"},"modified":"2024-01-29T08:24:15","modified_gmt":"2024-01-29T13:24:15","slug":"produits","status":"publish","type":"page","link":"https:\/\/www.bestbuydistributors.ca\/fr\/produits\/","title":{"rendered":"Produits"},"content":{"rendered":"\n<div class=\"wp-block-columns are-vertically-aligned-top is-layout-flex wp-container-core-columns-is-layout-1 wp-block-columns-is-layout-flex\">\n<div class=\"wp-block-column is-vertically-aligned-top is-layout-flow wp-block-column-is-layout-flow\">\n<p>Depuis sa cr\u00e9ation en 1955, Bestbuy s&rsquo;est concentr\u00e9e et a prosp\u00e9r\u00e9 sur le principe du \u00ab pouvoir d&rsquo;achat \u00bb pour ses actionnaires. Bestbuy est con\u00e7u pour donner \u00e0 ses actionnaires le pouvoir de comp\u00e9titionner de mani\u00e8re plus rentable dans l&rsquo;industrie en leur offrant une vaste gamme de produits de marques nationales et de marque priv\u00e9e, par le biais de l&rsquo;approvisionnement de produits dans le monde entier, \u00e0 des prix tr\u00e8s comp\u00e9titifs. Parce que Bestbuy est un entrep\u00f4t \u00e0 service complet, il peut offrir \u00e0 ses actionnaires le choix des produits par le biais soit de deux grands centres de distribution ou des programmes de livraisons directes. En plus, Bestbuy soutient sa gamme de produits avec des initiatives de marketing personnalis\u00e9s.<\/p>\n<\/div>\n\n\n\n<div class=\"wp-block-column is-vertically-aligned-top is-layout-flow wp-block-column-is-layout-flow\"><div class=\"wp-block-image\">\n<figure class=\"alignright size-full\"><a href=\"https:\/\/www.bestbuydistributors.ca\/wp-content\/uploads\/2023\/07\/2023-Commodity-Cat-FR-3-1.pdf\"><img loading=\"lazy\" decoding=\"async\" width=\"440\" height=\"330\" src=\"https:\/\/www.bestbuydistributors.ca\/wp-content\/uploads\/2023\/07\/2023CommodityCat-EN-440x330-1.jpg\" alt=\"\" class=\"wp-image-6518\" srcset=\"https:\/\/www.bestbuydistributors.ca\/wp-content\/uploads\/2023\/07\/2023CommodityCat-EN-440x330-1.jpg 440w, https:\/\/www.bestbuydistributors.ca\/wp-content\/uploads\/2023\/07\/2023CommodityCat-EN-440x330-1-300x225.jpg 300w, https:\/\/www.bestbuydistributors.ca\/wp-content\/uploads\/2023\/07\/2023CommodityCat-EN-440x330-1-150x113.jpg 150w\" sizes=\"auto, (max-width: 440px) 100vw, 440px\" \/><\/a><\/figure><\/div><\/div>\n<\/div>\n\n<h3 class=\"wp-block-heading has-text-align-center\">CERTAINS DE NOS PARTENAIRES FOURNISSEURS <\/h3>\n<div  ><style id=\"sp_lcp_dynamic_css5391\">div#logo-carousel-free-5391.logo-carousel-free .sp-lc-logo{border: 0px none #dddddd;border-radius: 0px;overflow: hidden;}div#logo-carousel-free-5391.logo-carousel-free .sp-lc-logo:hover{border-color: #dd3333;}@media only screen and (max-width: 576px) {#logo-carousel-free-5391.sp-lc-container .sp-lc-button-prev,#logo-carousel-free-5391.sp-lc-container .sp-lc-button-next {display: none;}#logo-carousel-free-5391.sp-lc-container .sp-lc-pagination .swiper-pagination-bullet {display: none;}} .logo-carousel-free-area#logo-carousel-free-5391{position: relative;}#lcp-preloader-5391{position: absolute;left: 0;top: 0;height: 100%;width: 100%;text-align: center;display: flex;align-items: center;justify-content: center;background: #fff;z-index: 9999;} .logo-carousel-free-area#logo-carousel-free-5391 .sp-logo-carousel-section-title{margin-bottom: 30px;}#logo-carousel-free-5391 .sp-lc-grid-container { justify-content: left; align-items: center; } #logo-carousel-free-5391 .swiper-wrapper .swiper-slide { align-self: center; }#logo-carousel-free-5391 .sp-lc-grid-container {margin-left: -0px;margin-right: -0px;width: calc( 100% + 0px);}#logo-carousel-free-5391 .sp-lc-grid-container [class*=\"lc-col\"] {padding-left: 0px;padding-right: 0px;padding-bottom: 0px;}@media screen and (min-width: 1200px ){.logo-carousel-free-area#logo-carousel-free-5391 .sp-logo-carousel:not([class*=\"-initialized\"]) > .swiper-wrapper {display: flex;width: calc( 100% + 0px );}.logo-carousel-free-area#logo-carousel-free-5391 .sp-logo-carousel:not([class*=\"-initialized\"]) > .swiper-wrapper > .swiper-slide {width: 20%;padding-right: 0px;}}<\/style>\n<div id='logo-carousel-free-5391' class=\"logo-carousel-free logo-carousel-free-area sp-lc-container\">\n\t\t\t<div id=\"lcp-preloader-5391\" class=\"sp-logo-carousel-preloader\"><img decoding=\"async\" src=\"https:\/\/www.bestbuydistributors.ca\/wp-content\/plugins\/logo-carousel-free\/admin\/assets\/images\/spinner.svg\" class=\"skip-lazy\" alt=\"Loader Image\"\/><\/div>\n\t\t\t<div id=\"sp-logo-carousel-id-5391\" class=\"swiper-container sp-logo-carousel  lcp-preloader\" dir=\"ltr\" data-carousel='{ \"speed\":600,\"spaceBetween\": 0, \"autoplay\": true, \"infinite\":true, \"autoplay_speed\": 3000, \"stop_onHover\": true, \"pagination\": false, \"navigation\": false, \"MobileNav\": false, \"MobilePagi\": false, \"simulateTouch\": true,\"freeMode\": false,\"swipeToSlide\": false, \"carousel_accessibility\": true,\"adaptiveHeight\": false,\"allowTouchMove\": true, \"slidesPerView\": { \"lg_desktop\": 5, \"desktop\": 4, \"tablet\": 3, \"mobile\": 1, \"mobile_landscape\": 2 } }' data-carousel-starts-onscreen=\"false\">\n\t\t<div class=\"swiper-wrapper\">\n\t\t\t\t<div class=\"swiper-slide\"><div class=\"sp-lc-logo\"><img loading=\"lazy\" decoding=\"async\" src=\"https:\/\/www.bestbuydistributors.ca\/wp-content\/uploads\/2022\/08\/BBB.png\" title=\"\" alt=\"BBB Industries\" width=\"150\" height=\"150\" class=\"sp-lc-image\"><\/div><\/div>\n\t\t<div class=\"swiper-slide\"><div class=\"sp-lc-logo\"><img loading=\"lazy\" decoding=\"async\" src=\"https:\/\/www.bestbuydistributors.ca\/wp-content\/uploads\/2022\/08\/Bosch.png\" title=\"\" alt=\"Bosch\" width=\"150\" height=\"150\" class=\"sp-lc-image\"><\/div><\/div>\n\t\t<div class=\"swiper-slide\"><div class=\"sp-lc-logo\"><img loading=\"lazy\" decoding=\"async\" src=\"https:\/\/www.bestbuydistributors.ca\/wp-content\/uploads\/2022\/08\/continental.png\" title=\"\" alt=\"Continental\" width=\"150\" height=\"150\" class=\"sp-lc-image\"><\/div><\/div>\n\t\t<div class=\"swiper-slide\"><div class=\"sp-lc-logo\"><img loading=\"lazy\" decoding=\"async\" src=\"https:\/\/www.bestbuydistributors.ca\/wp-content\/uploads\/2022\/08\/dayco.png\" title=\"\" alt=\"Dayco\" width=\"150\" height=\"150\" class=\"sp-lc-image\"><\/div><\/div>\n\t\t<div class=\"swiper-slide\"><div class=\"sp-lc-logo\"><img loading=\"lazy\" decoding=\"async\" src=\"https:\/\/www.bestbuydistributors.ca\/wp-content\/uploads\/2022\/08\/dorman.png\" title=\"\" alt=\"Dorman\" width=\"150\" height=\"150\" class=\"sp-lc-image\"><\/div><\/div>\n\t\t<div class=\"swiper-slide\"><div class=\"sp-lc-logo\"><img loading=\"lazy\" decoding=\"async\" src=\"https:\/\/www.bestbuydistributors.ca\/wp-content\/uploads\/2022\/08\/fcs.png\" title=\"\" alt=\"FCS\" width=\"150\" height=\"150\" class=\"sp-lc-image\"><\/div><\/div>\n\t\t<div class=\"swiper-slide\"><div class=\"sp-lc-logo\"><img loading=\"lazy\" decoding=\"async\" src=\"https:\/\/www.bestbuydistributors.ca\/wp-content\/uploads\/2022\/08\/fel-pro.png\" title=\"\" alt=\"FelPro\" width=\"150\" height=\"150\" class=\"sp-lc-image\"><\/div><\/div>\n\t\t<div class=\"swiper-slide\"><div class=\"sp-lc-logo\"><img loading=\"lazy\" decoding=\"async\" src=\"https:\/\/www.bestbuydistributors.ca\/wp-content\/uploads\/2022\/08\/fram.png\" title=\"\" alt=\"Fram\" width=\"150\" height=\"150\" class=\"sp-lc-image\"><\/div><\/div>\n\t\t<div class=\"swiper-slide\"><div class=\"sp-lc-logo\"><img loading=\"lazy\" decoding=\"async\" src=\"https:\/\/www.bestbuydistributors.ca\/wp-content\/uploads\/2022\/07\/gki.png\" title=\"\" alt=\"GKI\" width=\"150\" height=\"150\" class=\"sp-lc-image\"><\/div><\/div>\n\t\t<div class=\"swiper-slide\"><div class=\"sp-lc-logo\"><img loading=\"lazy\" decoding=\"async\" src=\"https:\/\/www.bestbuydistributors.ca\/wp-content\/uploads\/2022\/08\/kyb.png\" title=\"\" alt=\"KYB\" width=\"150\" height=\"150\" class=\"sp-lc-image\"><\/div><\/div>\n\t\t<div class=\"swiper-slide\"><div class=\"sp-lc-logo\"><img loading=\"lazy\" decoding=\"async\" src=\"https:\/\/www.bestbuydistributors.ca\/wp-content\/uploads\/2022\/07\/mevotech.png\" title=\"\" alt=\"Mevotech\" width=\"150\" height=\"150\" class=\"sp-lc-image\"><\/div><\/div>\n\t\t<div class=\"swiper-slide\"><div class=\"sp-lc-logo\"><img loading=\"lazy\" decoding=\"async\" src=\"https:\/\/www.bestbuydistributors.ca\/wp-content\/uploads\/2022\/08\/moog.png\" title=\"\" alt=\"MOOG\" width=\"150\" height=\"150\" class=\"sp-lc-image\"><\/div><\/div>\n\t\t<div class=\"swiper-slide\"><div class=\"sp-lc-logo\"><img loading=\"lazy\" decoding=\"async\" src=\"https:\/\/www.bestbuydistributors.ca\/wp-content\/uploads\/2024\/01\/niterra.png\" title=\"\" alt=\"NGK\" width=\"150\" height=\"150\" class=\"sp-lc-image\"><\/div><\/div>\n\t\t<div class=\"swiper-slide\"><div class=\"sp-lc-logo\"><img loading=\"lazy\" decoding=\"async\" src=\"https:\/\/www.bestbuydistributors.ca\/wp-content\/uploads\/2022\/08\/nugeon.png\" title=\"\" alt=\"NuGeon\" width=\"150\" height=\"150\" class=\"sp-lc-image\"><\/div><\/div>\n\t\t<div class=\"swiper-slide\"><div class=\"sp-lc-logo\"><img loading=\"lazy\" decoding=\"async\" src=\"https:\/\/www.bestbuydistributors.ca\/wp-content\/uploads\/2022\/08\/promax.png\" title=\"\" alt=\"ProMax\" width=\"150\" height=\"150\" class=\"sp-lc-image\"><\/div><\/div>\n\t\t<div class=\"swiper-slide\"><div class=\"sp-lc-logo\"><img loading=\"lazy\" decoding=\"async\" src=\"https:\/\/www.bestbuydistributors.ca\/wp-content\/uploads\/2022\/08\/spectra.png\" title=\"\" alt=\"SpectraPremium\" width=\"150\" height=\"150\" class=\"sp-lc-image\"><\/div><\/div>\n\t\t<div class=\"swiper-slide\"><div class=\"sp-lc-logo\"><img loading=\"lazy\" decoding=\"async\" src=\"https:\/\/www.bestbuydistributors.ca\/wp-content\/uploads\/2022\/08\/sylvania.png\" title=\"\" alt=\"Sylvania\" width=\"150\" height=\"150\" class=\"sp-lc-image\"><\/div><\/div>\n\t\t<div class=\"swiper-slide\"><div class=\"sp-lc-logo\"><img loading=\"lazy\" decoding=\"async\" src=\"https:\/\/www.bestbuydistributors.ca\/wp-content\/uploads\/2022\/08\/tenneco.png\" title=\"\" alt=\"Tenneco\" width=\"150\" height=\"150\" class=\"sp-lc-image\"><\/div><\/div>\n\t\t<div class=\"swiper-slide\"><div class=\"sp-lc-logo\"><img loading=\"lazy\" decoding=\"async\" src=\"https:\/\/www.bestbuydistributors.ca\/wp-content\/uploads\/2022\/08\/timken.png\" title=\"\" alt=\"Timken\" width=\"150\" height=\"150\" class=\"sp-lc-image\"><\/div><\/div>\n\t\t<div class=\"swiper-slide\"><div class=\"sp-lc-logo\"><img loading=\"lazy\" decoding=\"async\" src=\"https:\/\/www.bestbuydistributors.ca\/wp-content\/uploads\/2022\/08\/visionoe.png\" title=\"\" alt=\"VisionOE\" width=\"150\" height=\"150\" class=\"sp-lc-image\"><\/div><\/div>\n\t\t<div class=\"swiper-slide\"><div class=\"sp-lc-logo\"><img loading=\"lazy\" decoding=\"async\" src=\"https:\/\/www.bestbuydistributors.ca\/wp-content\/uploads\/2022\/08\/winhere.png\" title=\"\" alt=\"Winhere\" width=\"150\" height=\"150\" class=\"sp-lc-image\"><\/div><\/div>\n\t\t\t<\/div>\n\n\t\t\t<\/div>\n<\/div>\n<\/div>\n<div class=\"wp-block-nk-awb nk-awb alignfull\"><div class=\"nk-awb-wrap\" data-awb-type=\"color\"><div class=\"nk-awb-overlay\" style=\"background: #f9f9f9;\"><\/div><\/div><div class=\"nk-awb-wrap-content is-layout-constrained wp-block-awb-is-layout-constrained\">\n<p><\/p>\n\n\n\n<div class=\"wp-block-buttons alignwide is-content-justification-center is-layout-flex wp-container-core-buttons-is-layout-1 wp-block-buttons-is-layout-flex\">\n<div class=\"wp-block-button\"><a class=\"wp-block-button__link wp-element-button\" href=\"https:\/\/www.bestbuydistributors.ca\/wp-content\/uploads\/Products\/BestbuyLineCard.html \" target=\"_blank\" rel=\"noreferrer noopener\">CONSULTEZ NOTRE GAMME COMPL\u00c8TE DE PRODUITS<\/a><\/div>\n<\/div>\n\n\n\n<p><\/p>\n<\/div><\/div>\n\n<div class=\"wp-block-columns is-layout-flex wp-container-core-columns-is-layout-2 wp-block-columns-is-layout-flex\">\n<div class=\"wp-block-column is-layout-flow wp-block-column-is-layout-flow\" style=\"flex-basis:33.33%\"><div class=\"wp-block-image is-style-default\">\n<figure class=\"aligncenter size-full\"><img loading=\"lazy\" decoding=\"async\" width=\"239\" height=\"255\" src=\"https:\/\/www.bestbuydistributors.ca\/wp-content\/uploads\/2023\/11\/flyer-sample.png\" alt=\"\" class=\"wp-image-7527\" srcset=\"https:\/\/www.bestbuydistributors.ca\/wp-content\/uploads\/2023\/11\/flyer-sample.png 239w, https:\/\/www.bestbuydistributors.ca\/wp-content\/uploads\/2023\/11\/flyer-sample-141x150.png 141w\" sizes=\"auto, (max-width: 239px) 100vw, 239px\" \/><\/figure><\/div><\/div>\n\n\n\n<div class=\"wp-block-column is-vertically-aligned-center is-layout-flow wp-block-column-is-layout-flow\" style=\"flex-basis:66.66%\">\n<h4 class=\"wp-block-heading\">CIRCULAIRES PRODUITS<\/h4>\n\n\n\n<p>Bestbuy Distributors produit une circulaire de produits bimensuelle pour les actionnaires.<br\/><a href=\"https:\/\/www.bestbuydistributors.ca\/fr\/categorie\/nouvelles\/lancements\/\">Consultez les derni\u00e8res circulaires<\/a><\/p>\n<\/div>\n<\/div>\n","protected":false},"excerpt":{"rendered":"<p>Depuis sa cr\u00e9ation en 1955, Bestbuy s&rsquo;est concentr\u00e9e et a prosp\u00e9r\u00e9 sur le principe du \u00ab pouvoir d&rsquo;achat \u00bb pour<\/p>\n<p><a href=\"https:\/\/www.bestbuydistributors.ca\/fr\/produits\/\" class=\"more-link\">Lire la suite<span class=\"screen-reader-text\">Produits<\/span><\/a><\/p>\n","protected":false},"author":2,"featured_media":0,"parent":0,"menu_order":0,"comment_status":"closed","ping_status":"closed","template":"templates\/full-width-page.php","meta":{"iawp_total_views":95,"footnotes":""},"class_list":["post-7750","page","type-page","status-publish","hentry"],"yoast_head":"<!-- This site is optimized with the Yoast SEO plugin v26.7 - https:\/\/yoast.com\/wordpress\/plugins\/seo\/ -->\n<title>Produits - Bestbuy Distributors Limited<\/title>\n<meta name=\"robots\" content=\"index, follow, max-snippet:-1, max-image-preview:large, max-video-preview:-1\" \/>\n<link rel=\"canonical\" href=\"https:\/\/www.bestbuydistributors.ca\/fr\/produits\/\" \/>\n<meta property=\"og:locale\" content=\"fr_FR\" \/>\n<meta property=\"og:type\" content=\"article\" \/>\n<meta property=\"og:title\" content=\"Produits - Bestbuy Distributors Limited\" \/>\n<meta property=\"og:description\" content=\"Depuis sa cr\u00e9ation en 1955, Bestbuy s&rsquo;est concentr\u00e9e et a prosp\u00e9r\u00e9 sur le principe du \u00ab pouvoir d&rsquo;achat \u00bb pourLire la suiteProduits\" \/>\n<meta property=\"og:url\" content=\"https:\/\/www.bestbuydistributors.ca\/fr\/produits\/\" \/>\n<meta property=\"og:site_name\" content=\"Bestbuy Distributors Limited\" \/>\n<meta property=\"article:modified_time\" content=\"2024-01-29T13:24:15+00:00\" \/>\n<meta property=\"og:image\" content=\"https:\/\/www.bestbuydistributors.ca\/wp-content\/uploads\/2023\/07\/2023CommodityCat-EN-440x330-1.jpg\" \/>\n<meta name=\"twitter:card\" content=\"summary_large_image\" \/>\n<meta name=\"twitter:label1\" content=\"Dur\u00e9e de lecture estim\u00e9e\" \/>\n\t<meta name=\"twitter:data1\" content=\"1 minute\" \/>\n<script type=\"application\/ld+json\" class=\"yoast-schema-graph\">{\"@context\":\"https:\/\/schema.org\",\"@graph\":[{\"@type\":\"WebPage\",\"@id\":\"https:\/\/www.bestbuydistributors.ca\/fr\/produits\/\",\"url\":\"https:\/\/www.bestbuydistributors.ca\/fr\/produits\/\",\"name\":\"Produits - Bestbuy Distributors Limited\",\"isPartOf\":{\"@id\":\"https:\/\/www.bestbuydistributors.ca\/fr\/#website\"},\"primaryImageOfPage\":{\"@id\":\"https:\/\/www.bestbuydistributors.ca\/fr\/produits\/#primaryimage\"},\"image\":{\"@id\":\"https:\/\/www.bestbuydistributors.ca\/fr\/produits\/#primaryimage\"},\"thumbnailUrl\":\"https:\/\/www.bestbuydistributors.ca\/wp-content\/uploads\/2023\/07\/2023CommodityCat-EN-440x330-1.jpg\",\"datePublished\":\"2023-11-29T21:15:18+00:00\",\"dateModified\":\"2024-01-29T13:24:15+00:00\",\"breadcrumb\":{\"@id\":\"https:\/\/www.bestbuydistributors.ca\/fr\/produits\/#breadcrumb\"},\"inLanguage\":\"fr-FR\",\"potentialAction\":[{\"@type\":\"ReadAction\",\"target\":[\"https:\/\/www.bestbuydistributors.ca\/fr\/produits\/\"]}]},{\"@type\":\"ImageObject\",\"inLanguage\":\"fr-FR\",\"@id\":\"https:\/\/www.bestbuydistributors.ca\/fr\/produits\/#primaryimage\",\"url\":\"https:\/\/www.bestbuydistributors.ca\/wp-content\/uploads\/2023\/07\/2023CommodityCat-EN-440x330-1.jpg\",\"contentUrl\":\"https:\/\/www.bestbuydistributors.ca\/wp-content\/uploads\/2023\/07\/2023CommodityCat-EN-440x330-1.jpg\"},{\"@type\":\"BreadcrumbList\",\"@id\":\"https:\/\/www.bestbuydistributors.ca\/fr\/produits\/#breadcrumb\",\"itemListElement\":[{\"@type\":\"ListItem\",\"position\":1,\"name\":\"Home\",\"item\":\"https:\/\/www.bestbuydistributors.ca\/fr\/\"},{\"@type\":\"ListItem\",\"position\":2,\"name\":\"Produits\"}]},{\"@type\":\"WebSite\",\"@id\":\"https:\/\/www.bestbuydistributors.ca\/fr\/#website\",\"url\":\"https:\/\/www.bestbuydistributors.ca\/fr\/\",\"name\":\"Bestbuy Distributors Limited\",\"description\":\"\",\"publisher\":{\"@id\":\"https:\/\/www.bestbuydistributors.ca\/fr\/#organization\"},\"potentialAction\":[{\"@type\":\"SearchAction\",\"target\":{\"@type\":\"EntryPoint\",\"urlTemplate\":\"https:\/\/www.bestbuydistributors.ca\/fr\/?s={search_term_string}\"},\"query-input\":{\"@type\":\"PropertyValueSpecification\",\"valueRequired\":true,\"valueName\":\"search_term_string\"}}],\"inLanguage\":\"fr-FR\"},{\"@type\":\"Organization\",\"@id\":\"https:\/\/www.bestbuydistributors.ca\/fr\/#organization\",\"name\":\"Bestbuy Distributors Limited\",\"url\":\"https:\/\/www.bestbuydistributors.ca\/fr\/\",\"logo\":{\"@type\":\"ImageObject\",\"inLanguage\":\"fr-FR\",\"@id\":\"https:\/\/www.bestbuydistributors.ca\/fr\/#\/schema\/logo\/image\/\",\"url\":\"https:\/\/www.bestbuydistributors.ca\/wp-content\/uploads\/2022\/05\/bestbuy.png\",\"contentUrl\":\"https:\/\/www.bestbuydistributors.ca\/wp-content\/uploads\/2022\/05\/bestbuy.png\",\"width\":1729,\"height\":506,\"caption\":\"Bestbuy Distributors Limited\"},\"image\":{\"@id\":\"https:\/\/www.bestbuydistributors.ca\/fr\/#\/schema\/logo\/image\/\"}}]}<\/script>\n<!-- \/ Yoast SEO plugin. -->","yoast_head_json":{"title":"Produits - Bestbuy Distributors Limited","robots":{"index":"index","follow":"follow","max-snippet":"max-snippet:-1","max-image-preview":"max-image-preview:large","max-video-preview":"max-video-preview:-1"},"canonical":"https:\/\/www.bestbuydistributors.ca\/fr\/produits\/","og_locale":"fr_FR","og_type":"article","og_title":"Produits - Bestbuy Distributors Limited","og_description":"Depuis sa cr\u00e9ation en 1955, Bestbuy s&rsquo;est concentr\u00e9e et a prosp\u00e9r\u00e9 sur le principe du \u00ab pouvoir d&rsquo;achat \u00bb pourLire la suiteProduits","og_url":"https:\/\/www.bestbuydistributors.ca\/fr\/produits\/","og_site_name":"Bestbuy Distributors Limited","article_modified_time":"2024-01-29T13:24:15+00:00","og_image":[{"url":"https:\/\/www.bestbuydistributors.ca\/wp-content\/uploads\/2023\/07\/2023CommodityCat-EN-440x330-1.jpg","type":"","width":"","height":""}],"twitter_card":"summary_large_image","twitter_misc":{"Dur\u00e9e de lecture estim\u00e9e":"1 minute"},"schema":{"@context":"https:\/\/schema.org","@graph":[{"@type":"WebPage","@id":"https:\/\/www.bestbuydistributors.ca\/fr\/produits\/","url":"https:\/\/www.bestbuydistributors.ca\/fr\/produits\/","name":"Produits - Bestbuy Distributors Limited","isPartOf":{"@id":"https:\/\/www.bestbuydistributors.ca\/fr\/#website"},"primaryImageOfPage":{"@id":"https:\/\/www.bestbuydistributors.ca\/fr\/produits\/#primaryimage"},"image":{"@id":"https:\/\/www.bestbuydistributors.ca\/fr\/produits\/#primaryimage"},"thumbnailUrl":"https:\/\/www.bestbuydistributors.ca\/wp-content\/uploads\/2023\/07\/2023CommodityCat-EN-440x330-1.jpg","datePublished":"2023-11-29T21:15:18+00:00","dateModified":"2024-01-29T13:24:15+00:00","breadcrumb":{"@id":"https:\/\/www.bestbuydistributors.ca\/fr\/produits\/#breadcrumb"},"inLanguage":"fr-FR","potentialAction":[{"@type":"ReadAction","target":["https:\/\/www.bestbuydistributors.ca\/fr\/produits\/"]}]},{"@type":"ImageObject","inLanguage":"fr-FR","@id":"https:\/\/www.bestbuydistributors.ca\/fr\/produits\/#primaryimage","url":"https:\/\/www.bestbuydistributors.ca\/wp-content\/uploads\/2023\/07\/2023CommodityCat-EN-440x330-1.jpg","contentUrl":"https:\/\/www.bestbuydistributors.ca\/wp-content\/uploads\/2023\/07\/2023CommodityCat-EN-440x330-1.jpg"},{"@type":"BreadcrumbList","@id":"https:\/\/www.bestbuydistributors.ca\/fr\/produits\/#breadcrumb","itemListElement":[{"@type":"ListItem","position":1,"name":"Home","item":"https:\/\/www.bestbuydistributors.ca\/fr\/"},{"@type":"ListItem","position":2,"name":"Produits"}]},{"@type":"WebSite","@id":"https:\/\/www.bestbuydistributors.ca\/fr\/#website","url":"https:\/\/www.bestbuydistributors.ca\/fr\/","name":"Bestbuy Distributors Limited","description":"","publisher":{"@id":"https:\/\/www.bestbuydistributors.ca\/fr\/#organization"},"potentialAction":[{"@type":"SearchAction","target":{"@type":"EntryPoint","urlTemplate":"https:\/\/www.bestbuydistributors.ca\/fr\/?s={search_term_string}"},"query-input":{"@type":"PropertyValueSpecification","valueRequired":true,"valueName":"search_term_string"}}],"inLanguage":"fr-FR"},{"@type":"Organization","@id":"https:\/\/www.bestbuydistributors.ca\/fr\/#organization","name":"Bestbuy Distributors Limited","url":"https:\/\/www.bestbuydistributors.ca\/fr\/","logo":{"@type":"ImageObject","inLanguage":"fr-FR","@id":"https:\/\/www.bestbuydistributors.ca\/fr\/#\/schema\/logo\/image\/","url":"https:\/\/www.bestbuydistributors.ca\/wp-content\/uploads\/2022\/05\/bestbuy.png","contentUrl":"https:\/\/www.bestbuydistributors.ca\/wp-content\/uploads\/2022\/05\/bestbuy.png","width":1729,"height":506,"caption":"Bestbuy Distributors Limited"},"image":{"@id":"https:\/\/www.bestbuydistributors.ca\/fr\/#\/schema\/logo\/image\/"}}]}},"jetpack_sharing_enabled":true,"_links":{"self":[{"href":"https:\/\/www.bestbuydistributors.ca\/fr\/wp-json\/wp\/v2\/pages\/7750","targetHints":{"allow":["GET"]}}],"collection":[{"href":"https:\/\/www.bestbuydistributors.ca\/fr\/wp-json\/wp\/v2\/pages"}],"about":[{"href":"https:\/\/www.bestbuydistributors.ca\/fr\/wp-json\/wp\/v2\/types\/page"}],"author":[{"embeddable":true,"href":"https:\/\/www.bestbuydistributors.ca\/fr\/wp-json\/wp\/v2\/users\/2"}],"replies":[{"embeddable":true,"href":"https:\/\/www.bestbuydistributors.ca\/fr\/wp-json\/wp\/v2\/comments?post=7750"}],"version-history":[{"count":5,"href":"https:\/\/www.bestbuydistributors.ca\/fr\/wp-json\/wp\/v2\/pages\/7750\/revisions"}],"predecessor-version":[{"id":7948,"href":"https:\/\/www.bestbuydistributors.ca\/fr\/wp-json\/wp\/v2\/pages\/7750\/revisions\/7948"}],"wp:attachment":[{"href":"https:\/\/www.bestbuydistributors.ca\/fr\/wp-json\/wp\/v2\/media?parent=7750"}],"curies":[{"name":"wp","href":"https:\/\/api.w.org\/{rel}","templated":true}]}}