{"id":7361,"date":"2023-11-09T11:43:24","date_gmt":"2023-11-09T16:43:24","guid":{"rendered":"https:\/\/www.bestbuydistributors.ca\/actionnaires\/de-nos-actionnaires\/"},"modified":"2024-02-12T08:46:50","modified_gmt":"2024-02-12T13:46:50","slug":"de-nos-actionnaires","status":"publish","type":"page","link":"https:\/\/www.bestbuydistributors.ca\/fr\/actionnaires\/de-nos-actionnaires\/","title":{"rendered":"De nos actionnaires"},"content":{"rendered":"\n<p class=\"has-text-align-center\">Voyez ce que nos membres ont \u00e0 dire sur le fait d&rsquo;\u00eatre actionnaires de Bestbuy Distributors.<\/p>\n\n<div class=\"wp-block-columns is-layout-flex wp-container-core-columns-is-layout-1 wp-block-columns-is-layout-flex\">\n<div class=\"wp-block-column is-vertically-aligned-top is-layout-flow wp-block-column-is-layout-flow\"><div class=\"wp-block-image\">\n<figure class=\"alignright size-full is-resized\"><a href=\"https:\/\/www.bestbuydistributors.ca\/ameens-auto-parts\/\"><img loading=\"lazy\" decoding=\"async\" width=\"547\" height=\"371\" src=\"https:\/\/www.bestbuydistributors.ca\/wp-content\/uploads\/2023\/11\/Ameens.png\" alt=\"\" class=\"wp-image-7336\" style=\"aspect-ratio:1.4743935309973046;width:366px;height:auto\" srcset=\"https:\/\/www.bestbuydistributors.ca\/wp-content\/uploads\/2023\/11\/Ameens.png 547w, https:\/\/www.bestbuydistributors.ca\/wp-content\/uploads\/2023\/11\/Ameens-300x203.png 300w, https:\/\/www.bestbuydistributors.ca\/wp-content\/uploads\/2023\/11\/Ameens-150x102.png 150w, https:\/\/www.bestbuydistributors.ca\/wp-content\/uploads\/2023\/11\/Ameens-500x339.png 500w\" sizes=\"auto, (max-width: 547px) 100vw, 547px\" \/><\/a><\/figure><\/div><\/div>\n\n\n\n<div class=\"wp-block-column is-vertically-aligned-center is-layout-flow wp-block-column-is-layout-flow\">\n<h4 class=\"wp-block-heading\">Ameen Suleman de chez Ameen&rsquo;s Auto Parts (Calgary, AB)<\/h4>\n\n\n\n<p><em>Bestbuy continue \u00e0 appliquer des changements bas\u00e9s sur l&rsquo;exp\u00e9rience des actionnaires, ce qui m&rsquo;a permis d&rsquo;offrir un service exceptionnel \u00e0 mes clients&#8230;<\/em><\/p>\n\n\n\n<div class=\"wp-block-buttons is-layout-flex wp-block-buttons-is-layout-flex\">\n<div class=\"wp-block-button\"><a class=\"wp-block-button__link wp-element-button\" href=\"https:\/\/www.bestbuydistributors.ca\/testimonial\/ameens-auto-parts\/\">LIRE LA SUITE<\/a><\/div>\n<\/div>\n<\/div>\n<\/div>\n\n<div class=\"wp-block-columns is-layout-flex wp-container-core-columns-is-layout-2 wp-block-columns-is-layout-flex\">\n<div class=\"wp-block-column is-vertically-aligned-top is-layout-flow wp-block-column-is-layout-flow\"><div class=\"wp-block-image\">\n<figure class=\"alignright size-full is-resized\"><a href=\"https:\/\/www.bestbuydistributors.ca\/shareholders\/from-our-shareholders\/den-paul-distributors\/\"><img loading=\"lazy\" decoding=\"async\" width=\"547\" height=\"722\" src=\"https:\/\/www.bestbuydistributors.ca\/wp-content\/uploads\/2023\/11\/ToddScott-DenPaul-wlogo.png\" alt=\"\" class=\"wp-image-7340\" style=\"object-fit:cover;width:232px;height:366px\" srcset=\"https:\/\/www.bestbuydistributors.ca\/wp-content\/uploads\/2023\/11\/ToddScott-DenPaul-wlogo.png 547w, https:\/\/www.bestbuydistributors.ca\/wp-content\/uploads\/2023\/11\/ToddScott-DenPaul-wlogo-227x300.png 227w, https:\/\/www.bestbuydistributors.ca\/wp-content\/uploads\/2023\/11\/ToddScott-DenPaul-wlogo-114x150.png 114w, https:\/\/www.bestbuydistributors.ca\/wp-content\/uploads\/2023\/11\/ToddScott-DenPaul-wlogo-500x660.png 500w\" sizes=\"auto, (max-width: 547px) 100vw, 547px\" \/><\/a><\/figure><\/div><\/div>\n\n\n\n<div class=\"wp-block-column is-vertically-aligned-center is-layout-flow wp-block-column-is-layout-flow\">\n<h4 class=\"wp-block-heading\">Scott et Todd Manz de Den-Paul Distributors Ltd. (Regina, SK)<\/h4>\n\n\n\n<p><em>Nous conservons nos propres identit\u00e9s dans nos communaut\u00e9s locales&#8230;<\/em><\/p>\n\n\n\n<div class=\"wp-block-buttons is-layout-flex wp-block-buttons-is-layout-flex\">\n<div class=\"wp-block-button\"><a class=\"wp-block-button__link wp-element-button\" href=\"https:\/\/www.bestbuydistributors.ca\/testimonial\/den-paul-distributors\/\">LIRE LA SUITE<\/a><\/div>\n<\/div>\n<\/div>\n<\/div>\n\n<div class=\"wp-block-columns is-layout-flex wp-container-core-columns-is-layout-3 wp-block-columns-is-layout-flex\">\n<div class=\"wp-block-column is-vertically-aligned-top is-layout-flow wp-block-column-is-layout-flow\"><div class=\"wp-block-image\">\n<figure class=\"alignright size-full is-resized\"><a href=\"https:\/\/www.bestbuydistributors.ca\/shareholders\/from-our-shareholders\/fincham-automotive-supplies\/\"><img loading=\"lazy\" decoding=\"async\" width=\"547\" height=\"352\" src=\"https:\/\/www.bestbuydistributors.ca\/wp-content\/uploads\/2023\/11\/Fincham.png\" alt=\"\" class=\"wp-image-7332\" style=\"aspect-ratio:1.4743935309973046;object-fit:cover;width:366px\" srcset=\"https:\/\/www.bestbuydistributors.ca\/wp-content\/uploads\/2023\/11\/Fincham.png 547w, https:\/\/www.bestbuydistributors.ca\/wp-content\/uploads\/2023\/11\/Fincham-300x193.png 300w, https:\/\/www.bestbuydistributors.ca\/wp-content\/uploads\/2023\/11\/Fincham-150x97.png 150w, https:\/\/www.bestbuydistributors.ca\/wp-content\/uploads\/2023\/11\/Fincham-500x322.png 500w\" sizes=\"auto, (max-width: 547px) 100vw, 547px\" \/><\/a><\/figure><\/div><\/div>\n\n\n\n<div class=\"wp-block-column is-vertically-aligned-center is-layout-flow wp-block-column-is-layout-flow\">\n<h4 class=\"wp-block-heading\">Tony Racioppo de chez Fincham Automotive Supplies Ltd. (Toronto, ON)<\/h4>\n\n\n\n<p><em>Le sentiment de partenariat que nous ressentons avec Bestbuy est inestimable et joue un r\u00f4le crucial dans notre succ\u00e8s continu&#8230;<\/em><\/p>\n\n\n\n<div class=\"wp-block-buttons is-layout-flex wp-block-buttons-is-layout-flex\">\n<div class=\"wp-block-button\"><a class=\"wp-block-button__link wp-element-button\" href=\"https:\/\/www.bestbuydistributors.ca\/testimonial\/fincham-automotive-supplies\/\">LIRE LA SUITE<\/a><\/div>\n<\/div>\n<\/div>\n<\/div>\n\n<div class=\"wp-block-columns is-layout-flex wp-container-core-columns-is-layout-4 wp-block-columns-is-layout-flex\">\n<div class=\"wp-block-column is-vertically-aligned-top is-layout-flow wp-block-column-is-layout-flow\"><div class=\"wp-block-image\">\n<figure class=\"alignright size-full\"><img loading=\"lazy\" decoding=\"async\" width=\"289\" height=\"293\" src=\"https:\/\/www.bestbuydistributors.ca\/wp-content\/uploads\/2024\/02\/YvesPerron-septiles.jpg\" alt=\"\" class=\"wp-image-8235\" srcset=\"https:\/\/www.bestbuydistributors.ca\/wp-content\/uploads\/2024\/02\/YvesPerron-septiles.jpg 289w, https:\/\/www.bestbuydistributors.ca\/wp-content\/uploads\/2024\/02\/YvesPerron-septiles-148x150.jpg 148w, https:\/\/www.bestbuydistributors.ca\/wp-content\/uploads\/2024\/02\/YvesPerron-septiles-50x50.jpg 50w\" sizes=\"auto, (max-width: 289px) 100vw, 289px\" \/><\/figure><\/div><\/div>\n\n\n\n<div class=\"wp-block-column is-vertically-aligned-center is-layout-flow wp-block-column-is-layout-flow\">\n<h4 class=\"wp-block-heading\">Yves Perron, Pi\u00e8ces d&rsquo;Autos Sept-\u00celes 1992 Inc. (Sept-\u00celes, QC)<\/h4>\n\n\n\n<p><em>L\u2019amabilit\u00e9, le respect et le partage sont des valeurs encr\u00e9es dans l\u2019ADN de cette grande famille.<\/em>..<\/p>\n\n\n\n<div class=\"wp-block-buttons is-layout-flex wp-block-buttons-is-layout-flex\">\n<div class=\"wp-block-button\"><a class=\"wp-block-button__link wp-element-button\" href=\"https:\/\/www.bestbuydistributors.ca\/testimonial\/pieces-dautos-sept-iles-1992-inc\/\">LIRE LA SUITE<\/a><\/div>\n<\/div>\n<\/div>\n<\/div>\n\n<div class=\"wp-block-columns is-layout-flex wp-container-core-columns-is-layout-5 wp-block-columns-is-layout-flex\">\n<div class=\"wp-block-column is-vertically-aligned-top is-layout-flow wp-block-column-is-layout-flow\"><div class=\"wp-block-image\">\n<figure class=\"alignright size-full is-resized\"><img loading=\"lazy\" decoding=\"async\" width=\"800\" height=\"542\" src=\"https:\/\/www.bestbuydistributors.ca\/wp-content\/uploads\/2023\/11\/Down_East_MichaelMacPherson-800px.jpg\" alt=\"\" class=\"wp-image-7469\" style=\"width:366px\" srcset=\"https:\/\/www.bestbuydistributors.ca\/wp-content\/uploads\/2023\/11\/Down_East_MichaelMacPherson-800px.jpg 800w, https:\/\/www.bestbuydistributors.ca\/wp-content\/uploads\/2023\/11\/Down_East_MichaelMacPherson-800px-300x203.jpg 300w, https:\/\/www.bestbuydistributors.ca\/wp-content\/uploads\/2023\/11\/Down_East_MichaelMacPherson-800px-150x102.jpg 150w, https:\/\/www.bestbuydistributors.ca\/wp-content\/uploads\/2023\/11\/Down_East_MichaelMacPherson-800px-768x520.jpg 768w, https:\/\/www.bestbuydistributors.ca\/wp-content\/uploads\/2023\/11\/Down_East_MichaelMacPherson-800px-500x339.jpg 500w\" sizes=\"auto, (max-width: 800px) 100vw, 800px\" \/><\/figure><\/div><\/div>\n\n\n\n<div class=\"wp-block-column is-vertically-aligned-center is-layout-flow wp-block-column-is-layout-flow\">\n<h4 class=\"wp-block-heading\">Michael MacPherson, Down East Auto Parts (Montague, PE)<\/h4>\n\n\n\n<p><em>Quelle que soit la taille de votre entreprise &#8211; nous en avons de toutes les tailles, des petits aux moyens en passant par les grands distributeurs avec plusieurs emplacements &#8211; Bestbuy vous accueillera \u00e0 bras ouverts&#8230;<\/em><\/p>\n\n\n\n<div class=\"wp-block-buttons is-layout-flex wp-block-buttons-is-layout-flex\">\n<div class=\"wp-block-button\"><a class=\"wp-block-button__link wp-element-button\" href=\"https:\/\/www.bestbuydistributors.ca\/testimonial\/down-east-auto-parts\/\">LIRE LA SUITE<\/a><\/div>\n<\/div>\n<\/div>\n<\/div>\n\n<p><\/p>\n","protected":false},"excerpt":{"rendered":"<p>Voyez ce que nos membres ont \u00e0 dire sur le fait d&rsquo;\u00eatre actionnaires de Bestbuy Distributors. Ameen Suleman de chez<\/p>\n<p><a href=\"https:\/\/www.bestbuydistributors.ca\/fr\/actionnaires\/de-nos-actionnaires\/\" class=\"more-link\">Lire la suite<span class=\"screen-reader-text\">De nos actionnaires<\/span><\/a><\/p>\n","protected":false},"author":2,"featured_media":0,"parent":513,"menu_order":0,"comment_status":"closed","ping_status":"closed","template":"templates\/full-width-page.php","meta":{"iawp_total_views":196,"footnotes":""},"class_list":["post-7361","page","type-page","status-publish","hentry"],"yoast_head":"<!-- This site is optimized with the Yoast SEO plugin v26.7 - https:\/\/yoast.com\/wordpress\/plugins\/seo\/ -->\n<title>De nos actionnaires - Bestbuy Distributors Limited<\/title>\n<meta name=\"robots\" content=\"index, follow, max-snippet:-1, max-image-preview:large, max-video-preview:-1\" \/>\n<link rel=\"canonical\" href=\"https:\/\/www.bestbuydistributors.ca\/fr\/actionnaires\/de-nos-actionnaires\/\" \/>\n<meta property=\"og:locale\" content=\"fr_FR\" \/>\n<meta property=\"og:type\" content=\"article\" \/>\n<meta property=\"og:title\" content=\"De nos actionnaires - Bestbuy Distributors Limited\" \/>\n<meta property=\"og:description\" content=\"Voyez ce que nos membres ont \u00e0 dire sur le fait d&rsquo;\u00eatre actionnaires de Bestbuy Distributors. Ameen Suleman de chezLire la suiteDe nos actionnaires\" \/>\n<meta property=\"og:url\" content=\"https:\/\/www.bestbuydistributors.ca\/fr\/actionnaires\/de-nos-actionnaires\/\" \/>\n<meta property=\"og:site_name\" content=\"Bestbuy Distributors Limited\" \/>\n<meta property=\"article:modified_time\" content=\"2024-02-12T13:46:50+00:00\" \/>\n<meta property=\"og:image\" content=\"https:\/\/www.bestbuydistributors.ca\/wp-content\/uploads\/2023\/11\/Ameens.png\" \/>\n<meta name=\"twitter:card\" content=\"summary_large_image\" \/>\n<meta name=\"twitter:label1\" content=\"Dur\u00e9e de lecture estim\u00e9e\" \/>\n\t<meta name=\"twitter:data1\" content=\"1 minute\" \/>\n<script type=\"application\/ld+json\" class=\"yoast-schema-graph\">{\"@context\":\"https:\/\/schema.org\",\"@graph\":[{\"@type\":\"WebPage\",\"@id\":\"https:\/\/www.bestbuydistributors.ca\/fr\/actionnaires\/de-nos-actionnaires\/\",\"url\":\"https:\/\/www.bestbuydistributors.ca\/fr\/actionnaires\/de-nos-actionnaires\/\",\"name\":\"De nos actionnaires - Bestbuy Distributors Limited\",\"isPartOf\":{\"@id\":\"https:\/\/www.bestbuydistributors.ca\/fr\/#website\"},\"primaryImageOfPage\":{\"@id\":\"https:\/\/www.bestbuydistributors.ca\/fr\/actionnaires\/de-nos-actionnaires\/#primaryimage\"},\"image\":{\"@id\":\"https:\/\/www.bestbuydistributors.ca\/fr\/actionnaires\/de-nos-actionnaires\/#primaryimage\"},\"thumbnailUrl\":\"https:\/\/www.bestbuydistributors.ca\/wp-content\/uploads\/2023\/11\/Ameens.png\",\"datePublished\":\"2023-11-09T16:43:24+00:00\",\"dateModified\":\"2024-02-12T13:46:50+00:00\",\"breadcrumb\":{\"@id\":\"https:\/\/www.bestbuydistributors.ca\/fr\/actionnaires\/de-nos-actionnaires\/#breadcrumb\"},\"inLanguage\":\"fr-FR\",\"potentialAction\":[{\"@type\":\"ReadAction\",\"target\":[\"https:\/\/www.bestbuydistributors.ca\/fr\/actionnaires\/de-nos-actionnaires\/\"]}]},{\"@type\":\"ImageObject\",\"inLanguage\":\"fr-FR\",\"@id\":\"https:\/\/www.bestbuydistributors.ca\/fr\/actionnaires\/de-nos-actionnaires\/#primaryimage\",\"url\":\"https:\/\/www.bestbuydistributors.ca\/wp-content\/uploads\/2023\/11\/Ameens.png\",\"contentUrl\":\"https:\/\/www.bestbuydistributors.ca\/wp-content\/uploads\/2023\/11\/Ameens.png\"},{\"@type\":\"BreadcrumbList\",\"@id\":\"https:\/\/www.bestbuydistributors.ca\/fr\/actionnaires\/de-nos-actionnaires\/#breadcrumb\",\"itemListElement\":[{\"@type\":\"ListItem\",\"position\":1,\"name\":\"Home\",\"item\":\"https:\/\/www.bestbuydistributors.ca\/fr\/\"},{\"@type\":\"ListItem\",\"position\":2,\"name\":\"Actionnaires\",\"item\":\"https:\/\/www.bestbuydistributors.ca\/fr\/actionnaires\/\"},{\"@type\":\"ListItem\",\"position\":3,\"name\":\"De nos actionnaires\"}]},{\"@type\":\"WebSite\",\"@id\":\"https:\/\/www.bestbuydistributors.ca\/fr\/#website\",\"url\":\"https:\/\/www.bestbuydistributors.ca\/fr\/\",\"name\":\"Bestbuy Distributors Limited\",\"description\":\"\",\"publisher\":{\"@id\":\"https:\/\/www.bestbuydistributors.ca\/fr\/#organization\"},\"potentialAction\":[{\"@type\":\"SearchAction\",\"target\":{\"@type\":\"EntryPoint\",\"urlTemplate\":\"https:\/\/www.bestbuydistributors.ca\/fr\/?s={search_term_string}\"},\"query-input\":{\"@type\":\"PropertyValueSpecification\",\"valueRequired\":true,\"valueName\":\"search_term_string\"}}],\"inLanguage\":\"fr-FR\"},{\"@type\":\"Organization\",\"@id\":\"https:\/\/www.bestbuydistributors.ca\/fr\/#organization\",\"name\":\"Bestbuy Distributors Limited\",\"url\":\"https:\/\/www.bestbuydistributors.ca\/fr\/\",\"logo\":{\"@type\":\"ImageObject\",\"inLanguage\":\"fr-FR\",\"@id\":\"https:\/\/www.bestbuydistributors.ca\/fr\/#\/schema\/logo\/image\/\",\"url\":\"https:\/\/www.bestbuydistributors.ca\/wp-content\/uploads\/2022\/05\/bestbuy.png\",\"contentUrl\":\"https:\/\/www.bestbuydistributors.ca\/wp-content\/uploads\/2022\/05\/bestbuy.png\",\"width\":1729,\"height\":506,\"caption\":\"Bestbuy Distributors Limited\"},\"image\":{\"@id\":\"https:\/\/www.bestbuydistributors.ca\/fr\/#\/schema\/logo\/image\/\"}}]}<\/script>\n<!-- \/ Yoast SEO plugin. -->","yoast_head_json":{"title":"De nos actionnaires - Bestbuy Distributors Limited","robots":{"index":"index","follow":"follow","max-snippet":"max-snippet:-1","max-image-preview":"max-image-preview:large","max-video-preview":"max-video-preview:-1"},"canonical":"https:\/\/www.bestbuydistributors.ca\/fr\/actionnaires\/de-nos-actionnaires\/","og_locale":"fr_FR","og_type":"article","og_title":"De nos actionnaires - Bestbuy Distributors Limited","og_description":"Voyez ce que nos membres ont \u00e0 dire sur le fait d&rsquo;\u00eatre actionnaires de Bestbuy Distributors. Ameen Suleman de chezLire la suiteDe nos actionnaires","og_url":"https:\/\/www.bestbuydistributors.ca\/fr\/actionnaires\/de-nos-actionnaires\/","og_site_name":"Bestbuy Distributors Limited","article_modified_time":"2024-02-12T13:46:50+00:00","og_image":[{"url":"https:\/\/www.bestbuydistributors.ca\/wp-content\/uploads\/2023\/11\/Ameens.png","type":"","width":"","height":""}],"twitter_card":"summary_large_image","twitter_misc":{"Dur\u00e9e de lecture estim\u00e9e":"1 minute"},"schema":{"@context":"https:\/\/schema.org","@graph":[{"@type":"WebPage","@id":"https:\/\/www.bestbuydistributors.ca\/fr\/actionnaires\/de-nos-actionnaires\/","url":"https:\/\/www.bestbuydistributors.ca\/fr\/actionnaires\/de-nos-actionnaires\/","name":"De nos actionnaires - Bestbuy Distributors Limited","isPartOf":{"@id":"https:\/\/www.bestbuydistributors.ca\/fr\/#website"},"primaryImageOfPage":{"@id":"https:\/\/www.bestbuydistributors.ca\/fr\/actionnaires\/de-nos-actionnaires\/#primaryimage"},"image":{"@id":"https:\/\/www.bestbuydistributors.ca\/fr\/actionnaires\/de-nos-actionnaires\/#primaryimage"},"thumbnailUrl":"https:\/\/www.bestbuydistributors.ca\/wp-content\/uploads\/2023\/11\/Ameens.png","datePublished":"2023-11-09T16:43:24+00:00","dateModified":"2024-02-12T13:46:50+00:00","breadcrumb":{"@id":"https:\/\/www.bestbuydistributors.ca\/fr\/actionnaires\/de-nos-actionnaires\/#breadcrumb"},"inLanguage":"fr-FR","potentialAction":[{"@type":"ReadAction","target":["https:\/\/www.bestbuydistributors.ca\/fr\/actionnaires\/de-nos-actionnaires\/"]}]},{"@type":"ImageObject","inLanguage":"fr-FR","@id":"https:\/\/www.bestbuydistributors.ca\/fr\/actionnaires\/de-nos-actionnaires\/#primaryimage","url":"https:\/\/www.bestbuydistributors.ca\/wp-content\/uploads\/2023\/11\/Ameens.png","contentUrl":"https:\/\/www.bestbuydistributors.ca\/wp-content\/uploads\/2023\/11\/Ameens.png"},{"@type":"BreadcrumbList","@id":"https:\/\/www.bestbuydistributors.ca\/fr\/actionnaires\/de-nos-actionnaires\/#breadcrumb","itemListElement":[{"@type":"ListItem","position":1,"name":"Home","item":"https:\/\/www.bestbuydistributors.ca\/fr\/"},{"@type":"ListItem","position":2,"name":"Actionnaires","item":"https:\/\/www.bestbuydistributors.ca\/fr\/actionnaires\/"},{"@type":"ListItem","position":3,"name":"De nos actionnaires"}]},{"@type":"WebSite","@id":"https:\/\/www.bestbuydistributors.ca\/fr\/#website","url":"https:\/\/www.bestbuydistributors.ca\/fr\/","name":"Bestbuy Distributors Limited","description":"","publisher":{"@id":"https:\/\/www.bestbuydistributors.ca\/fr\/#organization"},"potentialAction":[{"@type":"SearchAction","target":{"@type":"EntryPoint","urlTemplate":"https:\/\/www.bestbuydistributors.ca\/fr\/?s={search_term_string}"},"query-input":{"@type":"PropertyValueSpecification","valueRequired":true,"valueName":"search_term_string"}}],"inLanguage":"fr-FR"},{"@type":"Organization","@id":"https:\/\/www.bestbuydistributors.ca\/fr\/#organization","name":"Bestbuy Distributors Limited","url":"https:\/\/www.bestbuydistributors.ca\/fr\/","logo":{"@type":"ImageObject","inLanguage":"fr-FR","@id":"https:\/\/www.bestbuydistributors.ca\/fr\/#\/schema\/logo\/image\/","url":"https:\/\/www.bestbuydistributors.ca\/wp-content\/uploads\/2022\/05\/bestbuy.png","contentUrl":"https:\/\/www.bestbuydistributors.ca\/wp-content\/uploads\/2022\/05\/bestbuy.png","width":1729,"height":506,"caption":"Bestbuy Distributors Limited"},"image":{"@id":"https:\/\/www.bestbuydistributors.ca\/fr\/#\/schema\/logo\/image\/"}}]}},"jetpack_sharing_enabled":true,"_links":{"self":[{"href":"https:\/\/www.bestbuydistributors.ca\/fr\/wp-json\/wp\/v2\/pages\/7361","targetHints":{"allow":["GET"]}}],"collection":[{"href":"https:\/\/www.bestbuydistributors.ca\/fr\/wp-json\/wp\/v2\/pages"}],"about":[{"href":"https:\/\/www.bestbuydistributors.ca\/fr\/wp-json\/wp\/v2\/types\/page"}],"author":[{"embeddable":true,"href":"https:\/\/www.bestbuydistributors.ca\/fr\/wp-json\/wp\/v2\/users\/2"}],"replies":[{"embeddable":true,"href":"https:\/\/www.bestbuydistributors.ca\/fr\/wp-json\/wp\/v2\/comments?post=7361"}],"version-history":[{"count":29,"href":"https:\/\/www.bestbuydistributors.ca\/fr\/wp-json\/wp\/v2\/pages\/7361\/revisions"}],"predecessor-version":[{"id":8242,"href":"https:\/\/www.bestbuydistributors.ca\/fr\/wp-json\/wp\/v2\/pages\/7361\/revisions\/8242"}],"up":[{"embeddable":true,"href":"https:\/\/www.bestbuydistributors.ca\/fr\/wp-json\/wp\/v2\/pages\/513"}],"wp:attachment":[{"href":"https:\/\/www.bestbuydistributors.ca\/fr\/wp-json\/wp\/v2\/media?parent=7361"}],"curies":[{"name":"wp","href":"https:\/\/api.w.org\/{rel}","templated":true}]}}