{"id":545,"date":"2014-08-29T01:01:56","date_gmt":"2014-08-29T01:01:56","guid":{"rendered":"https:\/\/dev.bestbuydistributors.ca\/?page_id=545"},"modified":"2014-10-23T19:35:24","modified_gmt":"2014-10-23T19:35:24","slug":"plan-du-site","status":"publish","type":"page","link":"https:\/\/www.bestbuydistributors.ca\/fr\/plan-du-site\/","title":{"rendered":"Plan du site"},"content":{"rendered":"<p><a title=\"Welcome\" href=\"https:\/\/dev.bestbuydistributors.ca\/fr\/a-propos-de\/\">Page<\/a>\u00a0d&rsquo;accueil<\/p>\n<ul>\n<li><a href=\"http:\/\/www.sunsplash.ca\" target=\"_blank\">www.SunSplash.ca<\/a><\/li>\n<li><a href=\"http:\/\/www.bestautoconnect.ca\/\" target=\"_blank\">BestAutoConnect<\/a><\/li>\n<li><a href=\"https:\/\/dev.bestbuydistributors.ca\/bestbuy\/login.asp\" target=\"_blank\">Connexion actionnaires<\/a><\/li>\n<li><a title=\"Nouvelles &amp; \u00c9v\u00e8nements\" href=\"https:\/\/dev.bestbuydistributors.ca\/fr\/nouvelles-evenements\/\">\u00c9v\u00e8nements\u00a0Bestbuy<\/a><\/li>\n<li><a href=\"https:\/\/dev.bestbuydistributors.ca\/fr\/localisateur-de-magasin\/\">Localisateur de magasin\u00a0<\/a><\/li>\n<li><a title=\"Pourquoi Bestbuy?\" href=\"https:\/\/dev.bestbuydistributors.ca\/fr\/pourquoi-bestbuy\/\">Pourquoi Bestbuy<\/a><\/li>\n<\/ul>\n<p><a title=\"\u00c0 propos de\" href=\"https:\/\/dev.bestbuydistributors.ca\/fr\/a-propos-de\/\">\u00c0 propos de\u00a0Bestbuy Distributors<\/a><\/p>\n<p><a title=\"Membres\" href=\"https:\/\/dev.bestbuydistributors.ca\/fr\/membres\/\">Membres Bestbuy<\/a><\/p>\n<ul>\n<li><a href=\"\/fr\/localisateur-de-magasin\/\">Localisateur de magasin<\/a><a title=\"Store Locator\" href=\"https:\/\/dev.bestbuydistributors.ca\/fr\/localisateur-de-magasin\/\">\u00a0<\/a><\/li>\n<\/ul>\n<p><a title=\"Produits\" href=\"https:\/\/dev.bestbuydistributors.ca\/produits\/\">Produits Bestbuy <\/a><\/p>\n<ul>\n<li><a href=\"\/fr\/localisateur-de-magasin\/\">Localisateur de magasin\u00a0<\/a><\/li>\n<li><a title=\"Produits\" href=\"https:\/\/dev.bestbuydistributors.ca\/fr\/produits\/\">Quality AUTOMOTIVE Products\u2122<\/a><\/li>\n<li><a title=\"Produits\" href=\"https:\/\/dev.bestbuydistributors.ca\/fr\/produits\/fiche-signaletique\/\">Technotrucs<\/a><\/li>\n<li><a title=\"Produits\" href=\"https:\/\/dev.bestbuydistributors.ca\/fr\/produits\/fiche-signaletique\/\">Fiches signal\u00e9tiques\u00a0(FS)<\/a><\/li>\n<\/ul>\n<p><a title=\"Fournisseurs\" href=\"https:\/\/dev.bestbuydistributors.ca\/fr\/fournisseurs\/\">Fournisseurs Bestbuy<\/a><\/p>\n<ul>\n<li><a title=\"Fournisseurs\" href=\"https:\/\/dev.bestbuydistributors.ca\/fr\/fournisseurs\/\">Comment devenir un fournisseur\u00a0Bestbuy <\/a><\/li>\n<li><a title=\"Fournisseurs\" href=\"https:\/\/dev.bestbuydistributors.ca\/fr\/fournisseurs\/\">Fournisseurs fid\u00e8les de Bestbuy<\/a><\/li>\n<\/ul>\n<p><a title=\"Nouvelles &amp; \u00c9v\u00e8nements\" href=\"https:\/\/dev.bestbuydistributors.ca\/fr\/nouvelles-evenements\/\">Nouvelles &amp; \u00e9v\u00e8nements<\/a><\/p>\n<ul>\n<li><a title=\"Nouvelles &amp; \u00c9v\u00e8nements\" href=\"https:\/\/dev.bestbuydistributors.ca\/fr\/nouvelles-evenements\/\">\u00c9v\u00e8nements \u00e0 venir <\/a><\/li>\n<\/ul>\n<p><a title=\"Contacts\" href=\"https:\/\/dev.bestbuydistributors.ca\/fr\/contacts\/\">Contact Bestbuy<\/a><\/p>\n","protected":false},"excerpt":{"rendered":"<p>Page\u00a0d&rsquo;accueil www.SunSplash.ca BestAutoConnect Connexion actionnaires \u00c9v\u00e8nements\u00a0Bestbuy Localisateur de magasin\u00a0 Pourquoi Bestbuy \u00c0 propos de\u00a0Bestbuy Distributors Membres Bestbuy Localisateur de magasin\u00a0<\/p>\n<p><a href=\"https:\/\/www.bestbuydistributors.ca\/fr\/plan-du-site\/\" class=\"more-link\">Lire la suite<span class=\"screen-reader-text\">Plan du site<\/span><\/a><\/p>\n","protected":false},"author":2,"featured_media":0,"parent":0,"menu_order":7,"comment_status":"open","ping_status":"closed","template":"","meta":{"iawp_total_views":0,"footnotes":""},"class_list":["post-545","page","type-page","status-publish","hentry"],"yoast_head":"<!-- This site is optimized with the Yoast SEO plugin v26.7 - https:\/\/yoast.com\/wordpress\/plugins\/seo\/ -->\n<title>Plan du site - Bestbuy Distributors Limited<\/title>\n<meta name=\"robots\" content=\"index, follow, max-snippet:-1, max-image-preview:large, max-video-preview:-1\" \/>\n<link rel=\"canonical\" href=\"https:\/\/www.bestbuydistributors.ca\/fr\/plan-du-site\/\" \/>\n<meta property=\"og:locale\" content=\"fr_FR\" \/>\n<meta property=\"og:type\" content=\"article\" \/>\n<meta property=\"og:title\" content=\"Plan du site - Bestbuy Distributors Limited\" \/>\n<meta property=\"og:description\" content=\"Page\u00a0d&rsquo;accueil www.SunSplash.ca BestAutoConnect Connexion actionnaires \u00c9v\u00e8nements\u00a0Bestbuy Localisateur de magasin\u00a0 Pourquoi Bestbuy \u00c0 propos de\u00a0Bestbuy Distributors Membres Bestbuy Localisateur de magasin\u00a0Lire la suitePlan du site\" \/>\n<meta property=\"og:url\" content=\"https:\/\/www.bestbuydistributors.ca\/fr\/plan-du-site\/\" \/>\n<meta property=\"og:site_name\" content=\"Bestbuy Distributors Limited\" \/>\n<meta property=\"article:modified_time\" content=\"2014-10-23T19:35:24+00:00\" \/>\n<meta name=\"twitter:card\" content=\"summary_large_image\" \/>\n<script type=\"application\/ld+json\" class=\"yoast-schema-graph\">{\"@context\":\"https:\/\/schema.org\",\"@graph\":[{\"@type\":\"WebPage\",\"@id\":\"https:\/\/www.bestbuydistributors.ca\/fr\/plan-du-site\/\",\"url\":\"https:\/\/www.bestbuydistributors.ca\/fr\/plan-du-site\/\",\"name\":\"Plan du site - Bestbuy Distributors Limited\",\"isPartOf\":{\"@id\":\"https:\/\/www.bestbuydistributors.ca\/fr\/#website\"},\"datePublished\":\"2014-08-29T01:01:56+00:00\",\"dateModified\":\"2014-10-23T19:35:24+00:00\",\"breadcrumb\":{\"@id\":\"https:\/\/www.bestbuydistributors.ca\/fr\/plan-du-site\/#breadcrumb\"},\"inLanguage\":\"fr-FR\",\"potentialAction\":[{\"@type\":\"ReadAction\",\"target\":[\"https:\/\/www.bestbuydistributors.ca\/fr\/plan-du-site\/\"]}]},{\"@type\":\"BreadcrumbList\",\"@id\":\"https:\/\/www.bestbuydistributors.ca\/fr\/plan-du-site\/#breadcrumb\",\"itemListElement\":[{\"@type\":\"ListItem\",\"position\":1,\"name\":\"Home\",\"item\":\"https:\/\/www.bestbuydistributors.ca\/fr\/\"},{\"@type\":\"ListItem\",\"position\":2,\"name\":\"Plan du site\"}]},{\"@type\":\"WebSite\",\"@id\":\"https:\/\/www.bestbuydistributors.ca\/fr\/#website\",\"url\":\"https:\/\/www.bestbuydistributors.ca\/fr\/\",\"name\":\"Bestbuy Distributors Limited\",\"description\":\"\",\"publisher\":{\"@id\":\"https:\/\/www.bestbuydistributors.ca\/fr\/#organization\"},\"potentialAction\":[{\"@type\":\"SearchAction\",\"target\":{\"@type\":\"EntryPoint\",\"urlTemplate\":\"https:\/\/www.bestbuydistributors.ca\/fr\/?s={search_term_string}\"},\"query-input\":{\"@type\":\"PropertyValueSpecification\",\"valueRequired\":true,\"valueName\":\"search_term_string\"}}],\"inLanguage\":\"fr-FR\"},{\"@type\":\"Organization\",\"@id\":\"https:\/\/www.bestbuydistributors.ca\/fr\/#organization\",\"name\":\"Bestbuy Distributors Limited\",\"url\":\"https:\/\/www.bestbuydistributors.ca\/fr\/\",\"logo\":{\"@type\":\"ImageObject\",\"inLanguage\":\"fr-FR\",\"@id\":\"https:\/\/www.bestbuydistributors.ca\/fr\/#\/schema\/logo\/image\/\",\"url\":\"https:\/\/www.bestbuydistributors.ca\/wp-content\/uploads\/2022\/05\/bestbuy.png\",\"contentUrl\":\"https:\/\/www.bestbuydistributors.ca\/wp-content\/uploads\/2022\/05\/bestbuy.png\",\"width\":1729,\"height\":506,\"caption\":\"Bestbuy Distributors Limited\"},\"image\":{\"@id\":\"https:\/\/www.bestbuydistributors.ca\/fr\/#\/schema\/logo\/image\/\"}}]}<\/script>\n<!-- \/ Yoast SEO plugin. -->","yoast_head_json":{"title":"Plan du site - Bestbuy Distributors Limited","robots":{"index":"index","follow":"follow","max-snippet":"max-snippet:-1","max-image-preview":"max-image-preview:large","max-video-preview":"max-video-preview:-1"},"canonical":"https:\/\/www.bestbuydistributors.ca\/fr\/plan-du-site\/","og_locale":"fr_FR","og_type":"article","og_title":"Plan du site - Bestbuy Distributors Limited","og_description":"Page\u00a0d&rsquo;accueil www.SunSplash.ca BestAutoConnect Connexion actionnaires \u00c9v\u00e8nements\u00a0Bestbuy Localisateur de magasin\u00a0 Pourquoi Bestbuy \u00c0 propos de\u00a0Bestbuy Distributors Membres Bestbuy Localisateur de magasin\u00a0Lire la suitePlan du site","og_url":"https:\/\/www.bestbuydistributors.ca\/fr\/plan-du-site\/","og_site_name":"Bestbuy Distributors Limited","article_modified_time":"2014-10-23T19:35:24+00:00","twitter_card":"summary_large_image","schema":{"@context":"https:\/\/schema.org","@graph":[{"@type":"WebPage","@id":"https:\/\/www.bestbuydistributors.ca\/fr\/plan-du-site\/","url":"https:\/\/www.bestbuydistributors.ca\/fr\/plan-du-site\/","name":"Plan du site - Bestbuy Distributors Limited","isPartOf":{"@id":"https:\/\/www.bestbuydistributors.ca\/fr\/#website"},"datePublished":"2014-08-29T01:01:56+00:00","dateModified":"2014-10-23T19:35:24+00:00","breadcrumb":{"@id":"https:\/\/www.bestbuydistributors.ca\/fr\/plan-du-site\/#breadcrumb"},"inLanguage":"fr-FR","potentialAction":[{"@type":"ReadAction","target":["https:\/\/www.bestbuydistributors.ca\/fr\/plan-du-site\/"]}]},{"@type":"BreadcrumbList","@id":"https:\/\/www.bestbuydistributors.ca\/fr\/plan-du-site\/#breadcrumb","itemListElement":[{"@type":"ListItem","position":1,"name":"Home","item":"https:\/\/www.bestbuydistributors.ca\/fr\/"},{"@type":"ListItem","position":2,"name":"Plan du site"}]},{"@type":"WebSite","@id":"https:\/\/www.bestbuydistributors.ca\/fr\/#website","url":"https:\/\/www.bestbuydistributors.ca\/fr\/","name":"Bestbuy Distributors Limited","description":"","publisher":{"@id":"https:\/\/www.bestbuydistributors.ca\/fr\/#organization"},"potentialAction":[{"@type":"SearchAction","target":{"@type":"EntryPoint","urlTemplate":"https:\/\/www.bestbuydistributors.ca\/fr\/?s={search_term_string}"},"query-input":{"@type":"PropertyValueSpecification","valueRequired":true,"valueName":"search_term_string"}}],"inLanguage":"fr-FR"},{"@type":"Organization","@id":"https:\/\/www.bestbuydistributors.ca\/fr\/#organization","name":"Bestbuy Distributors Limited","url":"https:\/\/www.bestbuydistributors.ca\/fr\/","logo":{"@type":"ImageObject","inLanguage":"fr-FR","@id":"https:\/\/www.bestbuydistributors.ca\/fr\/#\/schema\/logo\/image\/","url":"https:\/\/www.bestbuydistributors.ca\/wp-content\/uploads\/2022\/05\/bestbuy.png","contentUrl":"https:\/\/www.bestbuydistributors.ca\/wp-content\/uploads\/2022\/05\/bestbuy.png","width":1729,"height":506,"caption":"Bestbuy Distributors Limited"},"image":{"@id":"https:\/\/www.bestbuydistributors.ca\/fr\/#\/schema\/logo\/image\/"}}]}},"jetpack_sharing_enabled":true,"_links":{"self":[{"href":"https:\/\/www.bestbuydistributors.ca\/fr\/wp-json\/wp\/v2\/pages\/545","targetHints":{"allow":["GET"]}}],"collection":[{"href":"https:\/\/www.bestbuydistributors.ca\/fr\/wp-json\/wp\/v2\/pages"}],"about":[{"href":"https:\/\/www.bestbuydistributors.ca\/fr\/wp-json\/wp\/v2\/types\/page"}],"author":[{"embeddable":true,"href":"https:\/\/www.bestbuydistributors.ca\/fr\/wp-json\/wp\/v2\/users\/2"}],"replies":[{"embeddable":true,"href":"https:\/\/www.bestbuydistributors.ca\/fr\/wp-json\/wp\/v2\/comments?post=545"}],"version-history":[{"count":0,"href":"https:\/\/www.bestbuydistributors.ca\/fr\/wp-json\/wp\/v2\/pages\/545\/revisions"}],"wp:attachment":[{"href":"https:\/\/www.bestbuydistributors.ca\/fr\/wp-json\/wp\/v2\/media?parent=545"}],"curies":[{"name":"wp","href":"https:\/\/api.w.org\/{rel}","templated":true}]}}