{"id":542,"date":"2014-08-29T00:47:10","date_gmt":"2014-08-29T04:47:10","guid":{"rendered":"https:\/\/dev.bestbuydistributors.ca\/?page_id=542"},"modified":"2026-02-27T10:37:30","modified_gmt":"2026-02-27T15:37:30","slug":"contacts","status":"publish","type":"page","link":"https:\/\/www.bestbuydistributors.ca\/fr\/contacts\/","title":{"rendered":"Contacts"},"content":{"rendered":"\n<h2 class=\"wp-block-heading\">\u00c9quipe de gestion<\/h2>\n\n\n\n<p><strong>Pr\u00e9sident<\/strong><br>Nick Brunet<br><a href=\"mailto:n.brunet@bestbuydistributors.ca\">n.brunet@bestbuydistributors.ca<\/a><\/p>\n\n\n\n<p><strong>Directeur, Finance<\/strong><br>Shane Findlay, CPA<br><a href=\"mailto:s.findlay@bestbuydistributors.ca\">s.findlay@bestbuydistributors.ca<\/a><\/p>\n\n\n\n<p><strong>Directeur, Expansion de l&rsquo;Entrep\u00f4t &amp; Op\u00e9rations du Si\u00e8ge Social<\/strong><br>Matt Mesdag<br><a href=\"mailto:m.mesdag@bestbuydistributors.ca\">m.mesdag@bestbuydistributors.ca<\/a><br><br><strong>Directeur, Achats et Gestion des Stocks<\/strong><br>Chris Heck<br><a class=\"\">c.heck@bestbuydistributors.ca<\/a><\/p>\n\n\n\n<p><strong>Directeur, Engagement Client et Programmes<br><\/strong>Karen Barkin<strong><br><\/strong><a href=\"mailto:k.barkin@bestbuydistributors.ca\">k.barkin@bestbuydistributors.ca<\/a><\/p>\n\n\n\n<p><strong>Directeur National des Ventes<br><\/strong>Nasir Masoud<strong><br><\/strong><a href=\"mailto:n.masoud@bestbuydistributors.ca\">n.masoud@bestbuydistributors.ca<\/a><\/p>\n\n\n\n<p><strong>Directeur G\u00e9n\u00e9ral &#8211; Ouest du Canada<br><\/strong>Calvin Algeo<br><a href=\"mailto:c.algeo@bestbuydistributors.ca\">c.algeo@bestbuydistributors.ca<\/a><br>Cell: 780-504-1444<\/p>\n\n\n\n<p><strong>Directeur du d\u00e9veloppement des affaires<strong> \u2013 <\/strong> Alberta et CB<\/strong><br>Jorn Lawson<br><a href=\"mailto:j.lawson@bestbuydistributors.ca\">j.lawson@bestbuydistributors.ca<\/a><br>Cell: 780-231-3677<\/p>\n\n\n\n<p><strong><strong><strong>Directeur du d\u00e9veloppement des affaires\u00a0\u2013 Manitoba, Saskatchewan\u00a0et N.O. Ontario<\/strong><\/strong><\/strong><br>Jason Edginton<br><a href=\"mailto:j.edginton@bestbuydistributors.ca\">j.edginton@bestbuydistributors.ca<\/a><br>Cell: 431-278-3295<\/p>\n\n\n\n<p><strong>Directeur\u00a0du d\u00e9veloppement des affaires\u00a0\u2013 Ontario<br><\/strong>Trevor Mold<br><a href=\"mailto:t.mold@bestbuydistributors.ca\">t.mold@bestbuydistributors.ca<\/a><br>Cell: 647-522-5263<\/p>\n\n\n\n<p><strong>Directeur du d\u00e9veloppement des affaires \u2013 Qu\u00e9bec<br><\/strong>Richard Bureau<br><a href=\"mailto:r.bureau@bestbuydistributors.ca\">r.bureau@bestbuydistributors.ca<\/a><br>Cell: 514-236-2773<\/p>\n\n\n\n<p><strong>Directeur du d\u00e9veloppement des affaires&nbsp;\u2013 Canada Atlantic<br><\/strong>Steve McGarrity<br><a href=\"mailto:s.mcgarrity@bestbuydistributors.ca\">s.mcgarrity@bestbuydistributors.ca<\/a><br>Cell: 506-866-8217<\/p>\n\n\n\n<p><strong>Directeur, centre de distribution de Mississauga<br><\/strong>Dave Singh<br><a href=\"mailto:d.singh@bestbuydistributors.ca\">d.singh@bestbuydistributors.ca<\/a><\/p>\n\n\n\n<p><strong>Directeur, centre de distribution de Edmonton<br><\/strong>Mike Mumo<br><a href=\"mailto:m.mumo@bestbuydistributors.ca\">m.mumo@bestbuydistributors.ca<\/a><\/p>\n\n\n\n<figure class=\"wp-block-image size-full\"><img loading=\"lazy\" decoding=\"async\" width=\"1000\" height=\"720\" src=\"https:\/\/www.bestbuydistributors.ca\/wp-content\/uploads\/2022\/07\/Bestbuy-office-112000.jpg\" alt=\"\" class=\"wp-image-5425\" srcset=\"https:\/\/www.bestbuydistributors.ca\/wp-content\/uploads\/2022\/07\/Bestbuy-office-112000.jpg 1000w, https:\/\/www.bestbuydistributors.ca\/wp-content\/uploads\/2022\/07\/Bestbuy-office-112000-300x216.jpg 300w, https:\/\/www.bestbuydistributors.ca\/wp-content\/uploads\/2022\/07\/Bestbuy-office-112000-768x553.jpg 768w\" sizes=\"auto, (max-width: 1000px) 100vw, 1000px\" \/><\/figure>\n","protected":false},"excerpt":{"rendered":"<p>\u00c9quipe de gestion Pr\u00e9sidentNick Brunetn.brunet@bestbuydistributors.ca Directeur, FinanceShane Findlay, CPAs.findlay@bestbuydistributors.ca Directeur, Expansion de l&rsquo;Entrep\u00f4t &amp; Op\u00e9rations du Si\u00e8ge SocialMatt Mesdagm.mesdag@bestbuydistributors.ca Directeur,<\/p>\n<p><a href=\"https:\/\/www.bestbuydistributors.ca\/fr\/contacts\/\" class=\"more-link\">Lire la suite<span class=\"screen-reader-text\">Contacts<\/span><\/a><\/p>\n","protected":false},"author":2,"featured_media":0,"parent":0,"menu_order":6,"comment_status":"closed","ping_status":"closed","template":"templates\/left-sidebar.php","meta":{"iawp_total_views":736,"footnotes":""},"class_list":["post-542","page","type-page","status-publish","hentry"],"yoast_head":"<!-- This site is optimized with the Yoast SEO plugin v26.7 - https:\/\/yoast.com\/wordpress\/plugins\/seo\/ -->\n<title>Contacts - Bestbuy Distributors Limited<\/title>\n<meta name=\"robots\" content=\"index, follow, max-snippet:-1, max-image-preview:large, max-video-preview:-1\" \/>\n<link rel=\"canonical\" href=\"https:\/\/www.bestbuydistributors.ca\/fr\/contacts\/\" \/>\n<meta property=\"og:locale\" content=\"fr_FR\" \/>\n<meta property=\"og:type\" content=\"article\" \/>\n<meta property=\"og:title\" content=\"Contacts - Bestbuy Distributors Limited\" \/>\n<meta property=\"og:description\" content=\"\u00c9quipe de gestion Pr\u00e9sidentNick Brunetn.brunet@bestbuydistributors.ca Directeur, FinanceShane Findlay, CPAs.findlay@bestbuydistributors.ca Directeur, Expansion de l&rsquo;Entrep\u00f4t &amp; Op\u00e9rations du Si\u00e8ge SocialMatt Mesdagm.mesdag@bestbuydistributors.ca Directeur,Lire la suiteContacts\" \/>\n<meta property=\"og:url\" content=\"https:\/\/www.bestbuydistributors.ca\/fr\/contacts\/\" \/>\n<meta property=\"og:site_name\" content=\"Bestbuy Distributors Limited\" \/>\n<meta property=\"article:modified_time\" content=\"2026-02-27T15:37:30+00:00\" \/>\n<meta property=\"og:image\" content=\"https:\/\/www.bestbuydistributors.ca\/wp-content\/uploads\/2022\/07\/Bestbuy-office-112000.jpg\" \/>\n\t<meta property=\"og:image:width\" content=\"1000\" \/>\n\t<meta property=\"og:image:height\" content=\"720\" \/>\n\t<meta property=\"og:image:type\" content=\"image\/jpeg\" \/>\n<meta name=\"twitter:card\" content=\"summary_large_image\" \/>\n<meta name=\"twitter:label1\" content=\"Dur\u00e9e de lecture estim\u00e9e\" \/>\n\t<meta name=\"twitter:data1\" content=\"1 minute\" \/>\n<script type=\"application\/ld+json\" class=\"yoast-schema-graph\">{\"@context\":\"https:\/\/schema.org\",\"@graph\":[{\"@type\":\"WebPage\",\"@id\":\"https:\/\/www.bestbuydistributors.ca\/fr\/contacts\/\",\"url\":\"https:\/\/www.bestbuydistributors.ca\/fr\/contacts\/\",\"name\":\"Contacts - Bestbuy Distributors Limited\",\"isPartOf\":{\"@id\":\"https:\/\/www.bestbuydistributors.ca\/fr\/#website\"},\"primaryImageOfPage\":{\"@id\":\"https:\/\/www.bestbuydistributors.ca\/fr\/contacts\/#primaryimage\"},\"image\":{\"@id\":\"https:\/\/www.bestbuydistributors.ca\/fr\/contacts\/#primaryimage\"},\"thumbnailUrl\":\"https:\/\/www.bestbuydistributors.ca\/wp-content\/uploads\/2022\/07\/Bestbuy-office-112000.jpg\",\"datePublished\":\"2014-08-29T04:47:10+00:00\",\"dateModified\":\"2026-02-27T15:37:30+00:00\",\"breadcrumb\":{\"@id\":\"https:\/\/www.bestbuydistributors.ca\/fr\/contacts\/#breadcrumb\"},\"inLanguage\":\"fr-FR\",\"potentialAction\":[{\"@type\":\"ReadAction\",\"target\":[\"https:\/\/www.bestbuydistributors.ca\/fr\/contacts\/\"]}]},{\"@type\":\"ImageObject\",\"inLanguage\":\"fr-FR\",\"@id\":\"https:\/\/www.bestbuydistributors.ca\/fr\/contacts\/#primaryimage\",\"url\":\"https:\/\/www.bestbuydistributors.ca\/wp-content\/uploads\/2022\/07\/Bestbuy-office-112000.jpg\",\"contentUrl\":\"https:\/\/www.bestbuydistributors.ca\/wp-content\/uploads\/2022\/07\/Bestbuy-office-112000.jpg\"},{\"@type\":\"BreadcrumbList\",\"@id\":\"https:\/\/www.bestbuydistributors.ca\/fr\/contacts\/#breadcrumb\",\"itemListElement\":[{\"@type\":\"ListItem\",\"position\":1,\"name\":\"Home\",\"item\":\"https:\/\/www.bestbuydistributors.ca\/fr\/\"},{\"@type\":\"ListItem\",\"position\":2,\"name\":\"Contacts\"}]},{\"@type\":\"WebSite\",\"@id\":\"https:\/\/www.bestbuydistributors.ca\/fr\/#website\",\"url\":\"https:\/\/www.bestbuydistributors.ca\/fr\/\",\"name\":\"Bestbuy Distributors Limited\",\"description\":\"\",\"publisher\":{\"@id\":\"https:\/\/www.bestbuydistributors.ca\/fr\/#organization\"},\"potentialAction\":[{\"@type\":\"SearchAction\",\"target\":{\"@type\":\"EntryPoint\",\"urlTemplate\":\"https:\/\/www.bestbuydistributors.ca\/fr\/?s={search_term_string}\"},\"query-input\":{\"@type\":\"PropertyValueSpecification\",\"valueRequired\":true,\"valueName\":\"search_term_string\"}}],\"inLanguage\":\"fr-FR\"},{\"@type\":\"Organization\",\"@id\":\"https:\/\/www.bestbuydistributors.ca\/fr\/#organization\",\"name\":\"Bestbuy Distributors Limited\",\"url\":\"https:\/\/www.bestbuydistributors.ca\/fr\/\",\"logo\":{\"@type\":\"ImageObject\",\"inLanguage\":\"fr-FR\",\"@id\":\"https:\/\/www.bestbuydistributors.ca\/fr\/#\/schema\/logo\/image\/\",\"url\":\"https:\/\/www.bestbuydistributors.ca\/wp-content\/uploads\/2022\/05\/bestbuy.png\",\"contentUrl\":\"https:\/\/www.bestbuydistributors.ca\/wp-content\/uploads\/2022\/05\/bestbuy.png\",\"width\":1729,\"height\":506,\"caption\":\"Bestbuy Distributors Limited\"},\"image\":{\"@id\":\"https:\/\/www.bestbuydistributors.ca\/fr\/#\/schema\/logo\/image\/\"}}]}<\/script>\n<!-- \/ Yoast SEO plugin. -->","yoast_head_json":{"title":"Contacts - Bestbuy Distributors Limited","robots":{"index":"index","follow":"follow","max-snippet":"max-snippet:-1","max-image-preview":"max-image-preview:large","max-video-preview":"max-video-preview:-1"},"canonical":"https:\/\/www.bestbuydistributors.ca\/fr\/contacts\/","og_locale":"fr_FR","og_type":"article","og_title":"Contacts - Bestbuy Distributors Limited","og_description":"\u00c9quipe de gestion Pr\u00e9sidentNick Brunetn.brunet@bestbuydistributors.ca Directeur, FinanceShane Findlay, CPAs.findlay@bestbuydistributors.ca Directeur, Expansion de l&rsquo;Entrep\u00f4t &amp; Op\u00e9rations du Si\u00e8ge SocialMatt Mesdagm.mesdag@bestbuydistributors.ca Directeur,Lire la suiteContacts","og_url":"https:\/\/www.bestbuydistributors.ca\/fr\/contacts\/","og_site_name":"Bestbuy Distributors Limited","article_modified_time":"2026-02-27T15:37:30+00:00","og_image":[{"width":1000,"height":720,"url":"https:\/\/www.bestbuydistributors.ca\/wp-content\/uploads\/2022\/07\/Bestbuy-office-112000.jpg","type":"image\/jpeg"}],"twitter_card":"summary_large_image","twitter_misc":{"Dur\u00e9e de lecture estim\u00e9e":"1 minute"},"schema":{"@context":"https:\/\/schema.org","@graph":[{"@type":"WebPage","@id":"https:\/\/www.bestbuydistributors.ca\/fr\/contacts\/","url":"https:\/\/www.bestbuydistributors.ca\/fr\/contacts\/","name":"Contacts - Bestbuy Distributors Limited","isPartOf":{"@id":"https:\/\/www.bestbuydistributors.ca\/fr\/#website"},"primaryImageOfPage":{"@id":"https:\/\/www.bestbuydistributors.ca\/fr\/contacts\/#primaryimage"},"image":{"@id":"https:\/\/www.bestbuydistributors.ca\/fr\/contacts\/#primaryimage"},"thumbnailUrl":"https:\/\/www.bestbuydistributors.ca\/wp-content\/uploads\/2022\/07\/Bestbuy-office-112000.jpg","datePublished":"2014-08-29T04:47:10+00:00","dateModified":"2026-02-27T15:37:30+00:00","breadcrumb":{"@id":"https:\/\/www.bestbuydistributors.ca\/fr\/contacts\/#breadcrumb"},"inLanguage":"fr-FR","potentialAction":[{"@type":"ReadAction","target":["https:\/\/www.bestbuydistributors.ca\/fr\/contacts\/"]}]},{"@type":"ImageObject","inLanguage":"fr-FR","@id":"https:\/\/www.bestbuydistributors.ca\/fr\/contacts\/#primaryimage","url":"https:\/\/www.bestbuydistributors.ca\/wp-content\/uploads\/2022\/07\/Bestbuy-office-112000.jpg","contentUrl":"https:\/\/www.bestbuydistributors.ca\/wp-content\/uploads\/2022\/07\/Bestbuy-office-112000.jpg"},{"@type":"BreadcrumbList","@id":"https:\/\/www.bestbuydistributors.ca\/fr\/contacts\/#breadcrumb","itemListElement":[{"@type":"ListItem","position":1,"name":"Home","item":"https:\/\/www.bestbuydistributors.ca\/fr\/"},{"@type":"ListItem","position":2,"name":"Contacts"}]},{"@type":"WebSite","@id":"https:\/\/www.bestbuydistributors.ca\/fr\/#website","url":"https:\/\/www.bestbuydistributors.ca\/fr\/","name":"Bestbuy Distributors Limited","description":"","publisher":{"@id":"https:\/\/www.bestbuydistributors.ca\/fr\/#organization"},"potentialAction":[{"@type":"SearchAction","target":{"@type":"EntryPoint","urlTemplate":"https:\/\/www.bestbuydistributors.ca\/fr\/?s={search_term_string}"},"query-input":{"@type":"PropertyValueSpecification","valueRequired":true,"valueName":"search_term_string"}}],"inLanguage":"fr-FR"},{"@type":"Organization","@id":"https:\/\/www.bestbuydistributors.ca\/fr\/#organization","name":"Bestbuy Distributors Limited","url":"https:\/\/www.bestbuydistributors.ca\/fr\/","logo":{"@type":"ImageObject","inLanguage":"fr-FR","@id":"https:\/\/www.bestbuydistributors.ca\/fr\/#\/schema\/logo\/image\/","url":"https:\/\/www.bestbuydistributors.ca\/wp-content\/uploads\/2022\/05\/bestbuy.png","contentUrl":"https:\/\/www.bestbuydistributors.ca\/wp-content\/uploads\/2022\/05\/bestbuy.png","width":1729,"height":506,"caption":"Bestbuy Distributors Limited"},"image":{"@id":"https:\/\/www.bestbuydistributors.ca\/fr\/#\/schema\/logo\/image\/"}}]}},"jetpack_sharing_enabled":true,"_links":{"self":[{"href":"https:\/\/www.bestbuydistributors.ca\/fr\/wp-json\/wp\/v2\/pages\/542","targetHints":{"allow":["GET"]}}],"collection":[{"href":"https:\/\/www.bestbuydistributors.ca\/fr\/wp-json\/wp\/v2\/pages"}],"about":[{"href":"https:\/\/www.bestbuydistributors.ca\/fr\/wp-json\/wp\/v2\/types\/page"}],"author":[{"embeddable":true,"href":"https:\/\/www.bestbuydistributors.ca\/fr\/wp-json\/wp\/v2\/users\/2"}],"replies":[{"embeddable":true,"href":"https:\/\/www.bestbuydistributors.ca\/fr\/wp-json\/wp\/v2\/comments?post=542"}],"version-history":[{"count":32,"href":"https:\/\/www.bestbuydistributors.ca\/fr\/wp-json\/wp\/v2\/pages\/542\/revisions"}],"predecessor-version":[{"id":9605,"href":"https:\/\/www.bestbuydistributors.ca\/fr\/wp-json\/wp\/v2\/pages\/542\/revisions\/9605"}],"wp:attachment":[{"href":"https:\/\/www.bestbuydistributors.ca\/fr\/wp-json\/wp\/v2\/media?parent=542"}],"curies":[{"name":"wp","href":"https:\/\/api.w.org\/{rel}","templated":true}]}}