{"id":535,"date":"2014-08-29T00:46:05","date_gmt":"2014-08-29T04:46:05","guid":{"rendered":"https:\/\/dev.bestbuydistributors.ca\/?page_id=535"},"modified":"2023-12-05T15:20:25","modified_gmt":"2023-12-05T20:20:25","slug":"qualite-a-tout-prix","status":"publish","type":"page","link":"https:\/\/www.bestbuydistributors.ca\/fr\/qualite-a-tout-prix\/","title":{"rendered":"Qualit\u00e9 \u00e0 tout prix"},"content":{"rendered":"\n<div class=\"wp-block-nk-awb nk-awb alignfull nk-awb-fullheight nk-awb-content-valign-center is-layout-constrained wp-block-awb-is-layout-constrained\"><div class=\"nk-awb-wrap\" data-awb-type=\"image\" data-awb-parallax=\"scroll\" data-awb-parallax-speed=\"0.5\" data-awb-parallax-mobile=\"false\" data-awb-image-background-size=\"contain\" data-awb-image-background-position=\"50% 50%\"><div class=\"nk-awb-inner\"><img loading=\"lazy\" decoding=\"async\" src=\"https:\/\/www.bestbuydistributors.ca\/wp-content\/uploads\/2022\/07\/Fullwidthimage-qap-fr.jpg\" class=\"wp-image-5472 jarallax-img\" width=\"1920\" height=\"680\" srcset=\"https:\/\/www.bestbuydistributors.ca\/wp-content\/uploads\/2022\/07\/Fullwidthimage-qap-fr.jpg 1920w, https:\/\/www.bestbuydistributors.ca\/wp-content\/uploads\/2022\/07\/Fullwidthimage-qap-fr-300x106.jpg 300w, https:\/\/www.bestbuydistributors.ca\/wp-content\/uploads\/2022\/07\/Fullwidthimage-qap-fr-1024x363.jpg 1024w, https:\/\/www.bestbuydistributors.ca\/wp-content\/uploads\/2022\/07\/Fullwidthimage-qap-fr-768x272.jpg 768w, https:\/\/www.bestbuydistributors.ca\/wp-content\/uploads\/2022\/07\/Fullwidthimage-qap-fr-1536x544.jpg 1536w\" sizes=\"auto, (max-width: 1920px) 100vw, 1920px\" \/><\/div><\/div><div class=\"nk-awb-wrap-content\"><\/div><\/div>\n\n\n\n<div class=\"wp-block-columns is-layout-flex wp-container-core-columns-is-layout-1 wp-block-columns-is-layout-flex\">\n<div class=\"wp-block-column is-layout-flow wp-block-column-is-layout-flow\" style=\"flex-basis:66.66%\">\n<p>Bestbuy est une organisation d\u2019envergure nationale avec des contacts internationaux et il est facile de le constater en regardant les multiples fournisseurs de la compagnie. Deux centres de distribution Bestbuy, situ\u00e9s \u00e0 Mississauga et \u00e0 Edmonton, offrent un large \u00e9ventail de marques nationales et plus de 20 cat\u00e9gories de produits diff\u00e9rents sous le banni\u00e8re priv\u00e9e : Qualit\u00e9 \u00e0 tout prix\u2122.<\/p>\n<\/div>\n\n\n\n<div class=\"wp-block-column is-layout-flow wp-block-column-is-layout-flow\" style=\"flex-basis:33.33%\">\n<figure class=\"wp-block-image size-full\"><img loading=\"lazy\" decoding=\"async\" width=\"238\" height=\"168\" src=\"https:\/\/www.bestbuydistributors.ca\/wp-content\/uploads\/2023\/11\/sotm-qap-fr.png\" alt=\"\" class=\"wp-image-7444\" srcset=\"https:\/\/www.bestbuydistributors.ca\/wp-content\/uploads\/2023\/11\/sotm-qap-fr.png 238w, https:\/\/www.bestbuydistributors.ca\/wp-content\/uploads\/2023\/11\/sotm-qap-fr-150x106.png 150w\" sizes=\"auto, (max-width: 238px) 100vw, 238px\" \/><\/figure>\n<\/div>\n<\/div>\n\n\n<div class=\"wp-block-image\">\n<figure class=\"aligncenter size-large\"><a href=\"https:\/\/www.bestbuydistributors.ca\/wp-content\/uploads\/2022\/10\/QAP_REVISED.jpg\"><img loading=\"lazy\" decoding=\"async\" width=\"1024\" height=\"576\" src=\"https:\/\/www.bestbuydistributors.ca\/wp-content\/uploads\/2022\/10\/QAP_REVISED-1024x576.jpg\" alt=\"\" class=\"wp-image-5834\" srcset=\"https:\/\/www.bestbuydistributors.ca\/wp-content\/uploads\/2022\/10\/QAP_REVISED-1024x576.jpg 1024w, https:\/\/www.bestbuydistributors.ca\/wp-content\/uploads\/2022\/10\/QAP_REVISED-300x169.jpg 300w, https:\/\/www.bestbuydistributors.ca\/wp-content\/uploads\/2022\/10\/QAP_REVISED-150x84.jpg 150w, https:\/\/www.bestbuydistributors.ca\/wp-content\/uploads\/2022\/10\/QAP_REVISED-768x432.jpg 768w, https:\/\/www.bestbuydistributors.ca\/wp-content\/uploads\/2022\/10\/QAP_REVISED-1536x864.jpg 1536w, https:\/\/www.bestbuydistributors.ca\/wp-content\/uploads\/2022\/10\/QAP_REVISED.jpg 1680w\" sizes=\"auto, (max-width: 1024px) 100vw, 1024px\" \/><\/a><\/figure><\/div>\n\n\n<p>Bestbuy continue \u00e0 d\u00e9velopper sa ligne de produits Qualit\u00e9 \u00e0 tout prix\u2122. Nous sommes fiers des excellentes normes auxquelles nous adh\u00e9rons lors de la finalisation de nos produits Quality Automotive Products\u2122 \u2013 sp\u00e9cifications OEM et de son emballage. Bestbuy s\u2019ajuste \u00e0 la demande des actionnaires.<\/p>\n\n\n<div class=\"wp-block-image\">\n<figure class=\"aligncenter size-large\"><a href=\"https:\/\/www.bestbuydistributors.ca\/wp-content\/uploads\/2022\/07\/BB-QAP-Logo-Timeline.png\"><img loading=\"lazy\" decoding=\"async\" width=\"1024\" height=\"576\" src=\"https:\/\/www.bestbuydistributors.ca\/wp-content\/uploads\/2022\/07\/BB-QAP-Logo-Timeline-1024x576.png\" alt=\"\" class=\"wp-image-5312\" srcset=\"https:\/\/www.bestbuydistributors.ca\/wp-content\/uploads\/2022\/07\/BB-QAP-Logo-Timeline-1024x576.png 1024w, https:\/\/www.bestbuydistributors.ca\/wp-content\/uploads\/2022\/07\/BB-QAP-Logo-Timeline-300x169.png 300w, https:\/\/www.bestbuydistributors.ca\/wp-content\/uploads\/2022\/07\/BB-QAP-Logo-Timeline-768x432.png 768w, https:\/\/www.bestbuydistributors.ca\/wp-content\/uploads\/2022\/07\/BB-QAP-Logo-Timeline-1536x864.png 1536w, https:\/\/www.bestbuydistributors.ca\/wp-content\/uploads\/2022\/07\/BB-QAP-Logo-Timeline.png 1920w\" sizes=\"auto, (max-width: 1024px) 100vw, 1024px\" \/><\/a><\/figure><\/div>\n\n\n<h3 class=\"wp-block-heading\">La liste actuelle de produits comprend :<\/h3>\n\n\n\n<p>Batteries<br>Nettoyant pour freins<br>Plaquettes de freins<br>Disques et tambours de freins<br>Pi\u00e8ces de carrosserie<br>Soufflets homocin\u00e9tiques<br>Filtres pour gestion du moteur: huile, air, carburant, filtre \u00e0 air de l\u2019habitacle<br>Transmission<br>Roulements de moyeu<br>Fils d\u2019allumage<br>Huile &amp; graisse PBE<br>Produits PBE<\/p>\n","protected":false},"excerpt":{"rendered":"<p>Bestbuy est une organisation d\u2019envergure nationale avec des contacts internationaux et il est facile de le constater en regardant les<\/p>\n<p><a href=\"https:\/\/www.bestbuydistributors.ca\/fr\/qualite-a-tout-prix\/\" class=\"more-link\">Lire la suite<span class=\"screen-reader-text\">Qualit\u00e9 \u00e0 tout prix<\/span><\/a><\/p>\n","protected":false},"author":2,"featured_media":0,"parent":0,"menu_order":3,"comment_status":"closed","ping_status":"closed","template":"templates\/full-width-page.php","meta":{"iawp_total_views":771,"footnotes":""},"class_list":["post-535","page","type-page","status-publish","hentry"],"yoast_head":"<!-- This site is optimized with the Yoast SEO plugin v26.7 - https:\/\/yoast.com\/wordpress\/plugins\/seo\/ -->\n<title>Qualit\u00e9 \u00e0 tout prix - Bestbuy Distributors Limited<\/title>\n<meta name=\"robots\" content=\"index, follow, max-snippet:-1, max-image-preview:large, max-video-preview:-1\" \/>\n<link rel=\"canonical\" href=\"https:\/\/www.bestbuydistributors.ca\/fr\/qualite-a-tout-prix\/\" \/>\n<meta property=\"og:locale\" content=\"fr_FR\" \/>\n<meta property=\"og:type\" content=\"article\" \/>\n<meta property=\"og:title\" content=\"Qualit\u00e9 \u00e0 tout prix - Bestbuy Distributors Limited\" \/>\n<meta property=\"og:description\" content=\"Bestbuy est une organisation d\u2019envergure nationale avec des contacts internationaux et il est facile de le constater en regardant lesLire la suiteQualit\u00e9 \u00e0 tout prix\" \/>\n<meta property=\"og:url\" content=\"https:\/\/www.bestbuydistributors.ca\/fr\/qualite-a-tout-prix\/\" \/>\n<meta property=\"og:site_name\" content=\"Bestbuy Distributors Limited\" \/>\n<meta property=\"article:modified_time\" content=\"2023-12-05T20:20:25+00:00\" \/>\n<meta property=\"og:image\" content=\"https:\/\/www.bestbuydistributors.ca\/wp-content\/uploads\/2022\/07\/Fullwidthimage-qap-fr.jpg\" \/>\n<meta name=\"twitter:card\" content=\"summary_large_image\" \/>\n<meta name=\"twitter:label1\" content=\"Dur\u00e9e de lecture estim\u00e9e\" \/>\n\t<meta name=\"twitter:data1\" content=\"1 minute\" \/>\n<script type=\"application\/ld+json\" class=\"yoast-schema-graph\">{\"@context\":\"https:\/\/schema.org\",\"@graph\":[{\"@type\":\"WebPage\",\"@id\":\"https:\/\/www.bestbuydistributors.ca\/fr\/qualite-a-tout-prix\/\",\"url\":\"https:\/\/www.bestbuydistributors.ca\/fr\/qualite-a-tout-prix\/\",\"name\":\"Qualit\u00e9 \u00e0 tout prix - Bestbuy Distributors Limited\",\"isPartOf\":{\"@id\":\"https:\/\/www.bestbuydistributors.ca\/fr\/#website\"},\"primaryImageOfPage\":{\"@id\":\"https:\/\/www.bestbuydistributors.ca\/fr\/qualite-a-tout-prix\/#primaryimage\"},\"image\":{\"@id\":\"https:\/\/www.bestbuydistributors.ca\/fr\/qualite-a-tout-prix\/#primaryimage\"},\"thumbnailUrl\":\"https:\/\/www.bestbuydistributors.ca\/wp-content\/uploads\/2022\/07\/Fullwidthimage-qap-fr.jpg\",\"datePublished\":\"2014-08-29T04:46:05+00:00\",\"dateModified\":\"2023-12-05T20:20:25+00:00\",\"breadcrumb\":{\"@id\":\"https:\/\/www.bestbuydistributors.ca\/fr\/qualite-a-tout-prix\/#breadcrumb\"},\"inLanguage\":\"fr-FR\",\"potentialAction\":[{\"@type\":\"ReadAction\",\"target\":[\"https:\/\/www.bestbuydistributors.ca\/fr\/qualite-a-tout-prix\/\"]}]},{\"@type\":\"ImageObject\",\"inLanguage\":\"fr-FR\",\"@id\":\"https:\/\/www.bestbuydistributors.ca\/fr\/qualite-a-tout-prix\/#primaryimage\",\"url\":\"https:\/\/www.bestbuydistributors.ca\/wp-content\/uploads\/2022\/07\/Fullwidthimage-qap-fr.jpg\",\"contentUrl\":\"https:\/\/www.bestbuydistributors.ca\/wp-content\/uploads\/2022\/07\/Fullwidthimage-qap-fr.jpg\"},{\"@type\":\"BreadcrumbList\",\"@id\":\"https:\/\/www.bestbuydistributors.ca\/fr\/qualite-a-tout-prix\/#breadcrumb\",\"itemListElement\":[{\"@type\":\"ListItem\",\"position\":1,\"name\":\"Home\",\"item\":\"https:\/\/www.bestbuydistributors.ca\/fr\/\"},{\"@type\":\"ListItem\",\"position\":2,\"name\":\"Qualit\u00e9 \u00e0 tout prix\"}]},{\"@type\":\"WebSite\",\"@id\":\"https:\/\/www.bestbuydistributors.ca\/fr\/#website\",\"url\":\"https:\/\/www.bestbuydistributors.ca\/fr\/\",\"name\":\"Bestbuy Distributors Limited\",\"description\":\"\",\"publisher\":{\"@id\":\"https:\/\/www.bestbuydistributors.ca\/fr\/#organization\"},\"potentialAction\":[{\"@type\":\"SearchAction\",\"target\":{\"@type\":\"EntryPoint\",\"urlTemplate\":\"https:\/\/www.bestbuydistributors.ca\/fr\/?s={search_term_string}\"},\"query-input\":{\"@type\":\"PropertyValueSpecification\",\"valueRequired\":true,\"valueName\":\"search_term_string\"}}],\"inLanguage\":\"fr-FR\"},{\"@type\":\"Organization\",\"@id\":\"https:\/\/www.bestbuydistributors.ca\/fr\/#organization\",\"name\":\"Bestbuy Distributors Limited\",\"url\":\"https:\/\/www.bestbuydistributors.ca\/fr\/\",\"logo\":{\"@type\":\"ImageObject\",\"inLanguage\":\"fr-FR\",\"@id\":\"https:\/\/www.bestbuydistributors.ca\/fr\/#\/schema\/logo\/image\/\",\"url\":\"https:\/\/www.bestbuydistributors.ca\/wp-content\/uploads\/2022\/05\/bestbuy.png\",\"contentUrl\":\"https:\/\/www.bestbuydistributors.ca\/wp-content\/uploads\/2022\/05\/bestbuy.png\",\"width\":1729,\"height\":506,\"caption\":\"Bestbuy Distributors Limited\"},\"image\":{\"@id\":\"https:\/\/www.bestbuydistributors.ca\/fr\/#\/schema\/logo\/image\/\"}}]}<\/script>\n<!-- \/ Yoast SEO plugin. -->","yoast_head_json":{"title":"Qualit\u00e9 \u00e0 tout prix - Bestbuy Distributors Limited","robots":{"index":"index","follow":"follow","max-snippet":"max-snippet:-1","max-image-preview":"max-image-preview:large","max-video-preview":"max-video-preview:-1"},"canonical":"https:\/\/www.bestbuydistributors.ca\/fr\/qualite-a-tout-prix\/","og_locale":"fr_FR","og_type":"article","og_title":"Qualit\u00e9 \u00e0 tout prix - Bestbuy Distributors Limited","og_description":"Bestbuy est une organisation d\u2019envergure nationale avec des contacts internationaux et il est facile de le constater en regardant lesLire la suiteQualit\u00e9 \u00e0 tout prix","og_url":"https:\/\/www.bestbuydistributors.ca\/fr\/qualite-a-tout-prix\/","og_site_name":"Bestbuy Distributors Limited","article_modified_time":"2023-12-05T20:20:25+00:00","og_image":[{"url":"https:\/\/www.bestbuydistributors.ca\/wp-content\/uploads\/2022\/07\/Fullwidthimage-qap-fr.jpg","type":"","width":"","height":""}],"twitter_card":"summary_large_image","twitter_misc":{"Dur\u00e9e de lecture estim\u00e9e":"1 minute"},"schema":{"@context":"https:\/\/schema.org","@graph":[{"@type":"WebPage","@id":"https:\/\/www.bestbuydistributors.ca\/fr\/qualite-a-tout-prix\/","url":"https:\/\/www.bestbuydistributors.ca\/fr\/qualite-a-tout-prix\/","name":"Qualit\u00e9 \u00e0 tout prix - Bestbuy Distributors Limited","isPartOf":{"@id":"https:\/\/www.bestbuydistributors.ca\/fr\/#website"},"primaryImageOfPage":{"@id":"https:\/\/www.bestbuydistributors.ca\/fr\/qualite-a-tout-prix\/#primaryimage"},"image":{"@id":"https:\/\/www.bestbuydistributors.ca\/fr\/qualite-a-tout-prix\/#primaryimage"},"thumbnailUrl":"https:\/\/www.bestbuydistributors.ca\/wp-content\/uploads\/2022\/07\/Fullwidthimage-qap-fr.jpg","datePublished":"2014-08-29T04:46:05+00:00","dateModified":"2023-12-05T20:20:25+00:00","breadcrumb":{"@id":"https:\/\/www.bestbuydistributors.ca\/fr\/qualite-a-tout-prix\/#breadcrumb"},"inLanguage":"fr-FR","potentialAction":[{"@type":"ReadAction","target":["https:\/\/www.bestbuydistributors.ca\/fr\/qualite-a-tout-prix\/"]}]},{"@type":"ImageObject","inLanguage":"fr-FR","@id":"https:\/\/www.bestbuydistributors.ca\/fr\/qualite-a-tout-prix\/#primaryimage","url":"https:\/\/www.bestbuydistributors.ca\/wp-content\/uploads\/2022\/07\/Fullwidthimage-qap-fr.jpg","contentUrl":"https:\/\/www.bestbuydistributors.ca\/wp-content\/uploads\/2022\/07\/Fullwidthimage-qap-fr.jpg"},{"@type":"BreadcrumbList","@id":"https:\/\/www.bestbuydistributors.ca\/fr\/qualite-a-tout-prix\/#breadcrumb","itemListElement":[{"@type":"ListItem","position":1,"name":"Home","item":"https:\/\/www.bestbuydistributors.ca\/fr\/"},{"@type":"ListItem","position":2,"name":"Qualit\u00e9 \u00e0 tout prix"}]},{"@type":"WebSite","@id":"https:\/\/www.bestbuydistributors.ca\/fr\/#website","url":"https:\/\/www.bestbuydistributors.ca\/fr\/","name":"Bestbuy Distributors Limited","description":"","publisher":{"@id":"https:\/\/www.bestbuydistributors.ca\/fr\/#organization"},"potentialAction":[{"@type":"SearchAction","target":{"@type":"EntryPoint","urlTemplate":"https:\/\/www.bestbuydistributors.ca\/fr\/?s={search_term_string}"},"query-input":{"@type":"PropertyValueSpecification","valueRequired":true,"valueName":"search_term_string"}}],"inLanguage":"fr-FR"},{"@type":"Organization","@id":"https:\/\/www.bestbuydistributors.ca\/fr\/#organization","name":"Bestbuy Distributors Limited","url":"https:\/\/www.bestbuydistributors.ca\/fr\/","logo":{"@type":"ImageObject","inLanguage":"fr-FR","@id":"https:\/\/www.bestbuydistributors.ca\/fr\/#\/schema\/logo\/image\/","url":"https:\/\/www.bestbuydistributors.ca\/wp-content\/uploads\/2022\/05\/bestbuy.png","contentUrl":"https:\/\/www.bestbuydistributors.ca\/wp-content\/uploads\/2022\/05\/bestbuy.png","width":1729,"height":506,"caption":"Bestbuy Distributors Limited"},"image":{"@id":"https:\/\/www.bestbuydistributors.ca\/fr\/#\/schema\/logo\/image\/"}}]}},"jetpack_sharing_enabled":true,"_links":{"self":[{"href":"https:\/\/www.bestbuydistributors.ca\/fr\/wp-json\/wp\/v2\/pages\/535","targetHints":{"allow":["GET"]}}],"collection":[{"href":"https:\/\/www.bestbuydistributors.ca\/fr\/wp-json\/wp\/v2\/pages"}],"about":[{"href":"https:\/\/www.bestbuydistributors.ca\/fr\/wp-json\/wp\/v2\/types\/page"}],"author":[{"embeddable":true,"href":"https:\/\/www.bestbuydistributors.ca\/fr\/wp-json\/wp\/v2\/users\/2"}],"replies":[{"embeddable":true,"href":"https:\/\/www.bestbuydistributors.ca\/fr\/wp-json\/wp\/v2\/comments?post=535"}],"version-history":[{"count":22,"href":"https:\/\/www.bestbuydistributors.ca\/fr\/wp-json\/wp\/v2\/pages\/535\/revisions"}],"predecessor-version":[{"id":7765,"href":"https:\/\/www.bestbuydistributors.ca\/fr\/wp-json\/wp\/v2\/pages\/535\/revisions\/7765"}],"wp:attachment":[{"href":"https:\/\/www.bestbuydistributors.ca\/fr\/wp-json\/wp\/v2\/media?parent=535"}],"curies":[{"name":"wp","href":"https:\/\/api.w.org\/{rel}","templated":true}]}}